{"id":505,"date":"2021-07-26T10:40:03","date_gmt":"2021-07-26T10:40:03","guid":{"rendered":"https:\/\/www.cosesvelt.com\/terapia-mitocondrial\/"},"modified":"2022-07-05T06:34:47","modified_gmt":"2022-07-05T06:34:47","slug":"terapia-mitocondrial","status":"publish","type":"page","link":"https:\/\/www.cosesvelt.com\/ca\/terapia-mitocondrial\/","title":{"rendered":"Ter\u00e0pia mitocondrial"},"content":{"rendered":"\t\t<div data-elementor-type=\"wp-page\" data-elementor-id=\"505\" class=\"elementor elementor-505 elementor-309\" data-elementor-post-type=\"page\">\n\t\t\t\t\t\t<header class=\"elementor-section elementor-top-section elementor-element elementor-element-96ef4a1 elementor-section-height-min-height elementor-section-boxed elementor-section-height-default elementor-section-items-middle\" data-id=\"96ef4a1\" data-element_type=\"section\" data-e-type=\"section\" data-settings=\"{&quot;background_background&quot;:&quot;classic&quot;}\">\n\t\t\t\t\t\t<div class=\"elementor-container elementor-column-gap-default\">\n\t\t\t\t\t<div class=\"elementor-column elementor-col-100 elementor-top-column elementor-element elementor-element-14e4672c\" data-id=\"14e4672c\" data-element_type=\"column\" data-e-type=\"column\">\n\t\t\t<div class=\"elementor-widget-wrap elementor-element-populated\">\n\t\t\t\t\t\t<div class=\"elementor-element elementor-element-60bcd0a elementor-invisible elementor-widget elementor-widget-heading\" data-id=\"60bcd0a\" data-element_type=\"widget\" data-e-type=\"widget\" data-settings=\"{&quot;_animation&quot;:&quot;fadeInDown&quot;,&quot;_animation_delay&quot;:500}\" data-widget_type=\"heading.default\">\n\t\t\t\t<div class=\"elementor-widget-container\">\n\t\t\t\t\t<h1 class=\"elementor-heading-title elementor-size-default\">Ter\u00e0pia mitocondrial<\/h1>\t\t\t\t<\/div>\n\t\t\t\t<\/div>\n\t\t\t\t\t<\/div>\n\t\t<\/div>\n\t\t\t\t\t<\/div>\n\t\t<\/header>\n\t\t\t\t<section class=\"elementor-section elementor-top-section elementor-element elementor-element-2aa0916d elementor-section-content-middle elementor-section-boxed elementor-section-height-default elementor-section-height-default\" data-id=\"2aa0916d\" data-element_type=\"section\" data-e-type=\"section\" data-settings=\"{&quot;background_background&quot;:&quot;classic&quot;}\">\n\t\t\t\t\t\t<div class=\"elementor-container elementor-column-gap-default\">\n\t\t\t\t\t<div class=\"elementor-column elementor-col-50 elementor-top-column elementor-element elementor-element-5059867d elementor-invisible\" data-id=\"5059867d\" data-element_type=\"column\" data-e-type=\"column\" data-settings=\"{&quot;animation&quot;:&quot;fadeInLeft&quot;,&quot;animation_delay&quot;:1000}\">\n\t\t\t<div class=\"elementor-widget-wrap elementor-element-populated\">\n\t\t\t\t\t\t<div class=\"elementor-element elementor-element-65dc80fd elementor-widget elementor-widget-heading\" data-id=\"65dc80fd\" data-element_type=\"widget\" data-e-type=\"widget\" data-widget_type=\"heading.default\">\n\t\t\t\t<div class=\"elementor-widget-container\">\n\t\t\t\t\t<h2 class=\"elementor-heading-title elementor-size-default\">Ter\u00e0pia mitocondrial a Lloret de Mar i Barcelona<\/h2>\t\t\t\t<\/div>\n\t\t\t\t<\/div>\n\t\t\t\t<div class=\"elementor-element elementor-element-1c78b5ef elementor-widget elementor-widget-text-editor\" data-id=\"1c78b5ef\" data-element_type=\"widget\" data-e-type=\"widget\" data-widget_type=\"text-editor.default\">\n\t\t\t\t<div class=\"elementor-widget-container\">\n\t\t\t\t\t\t\t\t\tCentres COS ESVELT li ofereix la nova ter\u00e0pia de regeneraci\u00f3 mitocondrial: M\u00c9S ENERGIA, M\u00c9S VITALITAT.\r\n\r\nSegons estudis realitzats, el 80% de les malalties es deu a un d\u00e8ficit mitocondrial.\r\nEl tractament INTERVAL-HYPOXIE-HYPEROXIE (IHHT) destrueix els mitocondris vells i accelera la proliferaci\u00f3 de mitocondris cel\u00b7lulars m\u00e9s sans i fisiol\u00f2gicament m\u00e9s joves.\r\n\r\nEs realitzen intervals d&#8217;hip\u00f2xia (9 &#8211; 17% d&#8217;oxigeno) i hiperoxia (34-36% d&#8217;oxigen) a pressi\u00f3 atmosf\u00e8rica normal.\r\n\r\nAquest proc\u00e9s produeix un augment d&#8217;energia, eleva la producci\u00f3 de coenzim Q10 end\u00f2gena, enforteix el sistema immunol\u00f2gic, reducci\u00f3 del lactat, millora la resist\u00e8ncia a l&#8217;estr\u00e8s, equilibra el sistema nervi\u00f3s i millora el rendiment del sistema cardiovascular.\t\t\t\t\t\t\t\t<\/div>\n\t\t\t\t<\/div>\n\t\t\t\t\t<\/div>\n\t\t<\/div>\n\t\t\t\t<div class=\"elementor-column elementor-col-50 elementor-top-column elementor-element elementor-element-3519a6a1 elementor-invisible\" data-id=\"3519a6a1\" data-element_type=\"column\" data-e-type=\"column\" data-settings=\"{&quot;animation&quot;:&quot;fadeInRight&quot;,&quot;animation_delay&quot;:1000}\">\n\t\t\t<div class=\"elementor-widget-wrap elementor-element-populated\">\n\t\t\t\t\t\t<div class=\"elementor-element elementor-element-53657c4 elementor--h-position-center elementor--v-position-middle elementor-arrows-position-inside elementor-pagination-position-inside elementor-widget elementor-widget-slides\" data-id=\"53657c4\" data-element_type=\"widget\" data-e-type=\"widget\" data-settings=\"{&quot;navigation&quot;:&quot;both&quot;,&quot;autoplay&quot;:&quot;yes&quot;,&quot;pause_on_hover&quot;:&quot;yes&quot;,&quot;pause_on_interaction&quot;:&quot;yes&quot;,&quot;autoplay_speed&quot;:5000,&quot;infinite&quot;:&quot;yes&quot;,&quot;transition&quot;:&quot;slide&quot;,&quot;transition_speed&quot;:500}\" data-widget_type=\"slides.default\">\n\t\t\t\t<div class=\"elementor-widget-container\">\n\t\t\t\t\t\t\t\t\t<div class=\"elementor-swiper\">\n\t\t\t\t\t<div class=\"elementor-slides-wrapper elementor-main-swiper swiper\" role=\"region\" aria-roledescription=\"carousel\" aria-label=\"Slides\" dir=\"ltr\" data-animation=\"fadeInUp\">\n\t\t\t\t<div class=\"swiper-wrapper elementor-slides\">\n\t\t\t\t\t\t\t\t\t\t<div class=\"elementor-repeater-item-7505125 swiper-slide\" role=\"group\" aria-roledescription=\"slide\"><div class=\"swiper-slide-bg\" role=\"img\"><\/div><div class=\"swiper-slide-inner\" ><div class=\"swiper-slide-contents\"><\/div><\/div><\/div><div class=\"elementor-repeater-item-ada2c9b swiper-slide\" role=\"group\" aria-roledescription=\"slide\"><div class=\"swiper-slide-bg\" role=\"img\"><\/div><div class=\"swiper-slide-inner\" ><div class=\"swiper-slide-contents\"><\/div><\/div><\/div><div class=\"elementor-repeater-item-33e7b35 swiper-slide\" role=\"group\" aria-roledescription=\"slide\"><div class=\"swiper-slide-bg\" role=\"img\"><\/div><div class=\"swiper-slide-inner\" ><div class=\"swiper-slide-contents\"><\/div><\/div><\/div><div class=\"elementor-repeater-item-32baabd swiper-slide\" role=\"group\" aria-roledescription=\"slide\"><div class=\"swiper-slide-bg\" role=\"img\"><\/div><div class=\"swiper-slide-inner\" ><div class=\"swiper-slide-contents\"><\/div><\/div><\/div>\t\t\t\t<\/div>\n\t\t\t\t\t\t\t\t\t\t\t\t\t\t\t<div class=\"elementor-swiper-button elementor-swiper-button-prev\" role=\"button\" tabindex=\"0\" aria-label=\"Previous slide\">\n\t\t\t\t\t\t\t<i aria-hidden=\"true\" class=\"eicon-chevron-left\"><\/i>\t\t\t\t\t\t<\/div>\n\t\t\t\t\t\t<div class=\"elementor-swiper-button elementor-swiper-button-next\" role=\"button\" tabindex=\"0\" aria-label=\"Next slide\">\n\t\t\t\t\t\t\t<i aria-hidden=\"true\" class=\"eicon-chevron-right\"><\/i>\t\t\t\t\t\t<\/div>\n\t\t\t\t\t\t\t\t\t\t\t\t\t\t\t\t<div class=\"swiper-pagination\"><\/div>\n\t\t\t\t\t\t\t\t\t\t\t\t<\/div>\n\t\t\t\t<\/div>\n\t\t\t\t\t\t\t\t<\/div>\n\t\t\t\t<\/div>\n\t\t\t\t\t<\/div>\n\t\t<\/div>\n\t\t\t\t\t<\/div>\n\t\t<\/section>\n\t\t\t\t<section class=\"elementor-section elementor-top-section elementor-element elementor-element-92eb343 elementor-section-boxed elementor-section-height-default elementor-section-height-default\" data-id=\"92eb343\" data-element_type=\"section\" data-e-type=\"section\">\n\t\t\t\t\t\t<div class=\"elementor-container elementor-column-gap-default\">\n\t\t\t\t\t<div class=\"elementor-column elementor-col-100 elementor-top-column elementor-element elementor-element-2ab9c10\" data-id=\"2ab9c10\" data-element_type=\"column\" data-e-type=\"column\">\n\t\t\t<div class=\"elementor-widget-wrap elementor-element-populated\">\n\t\t\t\t\t\t<div class=\"elementor-element elementor-element-83f8cf3 elementor-widget elementor-widget-heading\" data-id=\"83f8cf3\" data-element_type=\"widget\" data-e-type=\"widget\" data-widget_type=\"heading.default\">\n\t\t\t\t<div class=\"elementor-widget-container\">\n\t\t\t\t\t<h3 class=\"elementor-heading-title elementor-size-default\">Hip\u00f2xia\/Hiperoxia i el seu sistema immunol\u00f2gic<\/h3>\t\t\t\t<\/div>\n\t\t\t\t<\/div>\n\t\t\t\t<div class=\"elementor-element elementor-element-385adac elementor-widget elementor-widget-text-editor\" data-id=\"385adac\" data-element_type=\"widget\" data-e-type=\"widget\" data-widget_type=\"text-editor.default\">\n\t\t\t\t<div class=\"elementor-widget-container\">\n\t\t\t\t\t\t\t\t\tL&#8217;usuari, relaxat en una llitera, respira a trav\u00e9s d&#8217;una m\u00e0scara aire hip\u00f3xic (baix en oxigen) i hiper\u00f3xic (ric en oxigen) ajustat de manera individual amb regulaci\u00f3\r\nintel\u00b7ligent del contingut d&#8217;oxigen.\r\n\r\n<strong>Tractaments:<\/strong>\r\n<ul>\r\n \t<li>ESTRES, ESGOTAMENT I DEPRESSI\u00d3<\/li>\r\n \t<li>MIGRANYES, CEFALEES, S\u00cdNDROME FATIGA CR\u00d2NICA<\/li>\r\n \t<li>ANTIEDAT, REGENERACI\u00d3 CEL\u00b7LULAR.<\/li>\r\n \t<li>TRASTORNS HORMONALS (MENOPAUSA)<\/li>\r\n \t<li>APNEA OBSTRYCTIVA DEL SOMNI I EPOC<\/li>\r\n \t<li>ASMA BRONQUIAL, ALERG\u00cdAS<\/li>\r\n \t<li>INSOMNI, TRASTORNS DEL SOMNI<\/li>\r\n \t<li>PREVENCI\u00d3 MALALTIES NEURODEGENERATIVES (ALZHEIMER)<\/li>\r\n \t<li>DISFUNCI\u00d3 ER\u00c8CTIL, MILLORA DE LA RESPOSTA DE LA LIBIDO SEXUAL,\r\nMILLORA DE LA FERTILITAT HOME\/ DONA .<\/li>\r\n \t<li>MILLORA DEL RENDIMENT ESPORTIU I DE LA POT\u00c8NCIA F\u00cdSICA<\/li>\r\n \t<li>MILLORA SISTEMA INMUNOGICO<\/li>\r\n<\/ul>\t\t\t\t\t\t\t\t<\/div>\n\t\t\t\t<\/div>\n\t\t\t\t\t<\/div>\n\t\t<\/div>\n\t\t\t\t\t<\/div>\n\t\t<\/section>\n\t\t\t\t<section class=\"elementor-section elementor-top-section elementor-element elementor-element-5aa95a0c elementor-section-boxed elementor-section-height-default elementor-section-height-default\" data-id=\"5aa95a0c\" data-element_type=\"section\" data-e-type=\"section\" data-settings=\"{&quot;background_background&quot;:&quot;classic&quot;}\">\n\t\t\t\t\t\t\t<div class=\"elementor-background-overlay\"><\/div>\n\t\t\t\t\t\t\t<div class=\"elementor-container elementor-column-gap-default\">\n\t\t\t\t\t<div class=\"elementor-column elementor-col-100 elementor-top-column elementor-element elementor-element-7d6b44a6\" data-id=\"7d6b44a6\" data-element_type=\"column\" data-e-type=\"column\">\n\t\t\t<div class=\"elementor-widget-wrap elementor-element-populated\">\n\t\t\t\t\t\t<div class=\"elementor-element elementor-element-34bdf2c2 elementor-invisible elementor-widget elementor-widget-heading\" data-id=\"34bdf2c2\" data-element_type=\"widget\" data-e-type=\"widget\" data-settings=\"{&quot;_animation&quot;:&quot;fadeInDown&quot;,&quot;_animation_delay&quot;:200}\" data-widget_type=\"heading.default\">\n\t\t\t\t<div class=\"elementor-widget-container\">\n\t\t\t\t\t<h2 class=\"elementor-heading-title elementor-size-default\">BUSQUES ESPECIALISTES EN TER\u00c0PIA MITOCONDRIAL A LLORET DE MAR I BARCELONA? <br>TRUQUI'NS!<\/h2>\t\t\t\t<\/div>\n\t\t\t\t<\/div>\n\t\t\t\t<div class=\"elementor-element elementor-element-6f355a82 elementor-align-center elementor-invisible elementor-widget elementor-widget-button\" data-id=\"6f355a82\" data-element_type=\"widget\" data-e-type=\"widget\" data-settings=\"{&quot;_animation&quot;:&quot;fadeInDown&quot;}\" data-widget_type=\"button.default\">\n\t\t\t\t<div class=\"elementor-widget-container\">\n\t\t\t\t\t\t\t\t\t<div class=\"elementor-button-wrapper\">\n\t\t\t\t\t<a class=\"elementor-button elementor-button-link elementor-size-sm\" href=\"https:\/\/www.cosesvelt.com\/ca\/contacte\/\">\n\t\t\t\t\t\t<span class=\"elementor-button-content-wrapper\">\n\t\t\t\t\t\t\t\t\t<span class=\"elementor-button-text\">Reserva ara<\/span>\n\t\t\t\t\t<\/span>\n\t\t\t\t\t<\/a>\n\t\t\t\t<\/div>\n\t\t\t\t\t\t\t\t<\/div>\n\t\t\t\t<\/div>\n\t\t\t\t\t<\/div>\n\t\t<\/div>\n\t\t\t\t\t<\/div>\n\t\t<\/section>\n\t\t\t\t<\/div>\n\t\t","protected":false},"excerpt":{"rendered":"<p>Ter\u00e0pia mitocondrial Ter\u00e0pia mitocondrial a Lloret de Mar i Barcelona Centres COS ESVELT li ofereix la nova ter\u00e0pia de regeneraci\u00f3 mitocondrial: M\u00c9S ENERGIA, M\u00c9S VITALITAT. Segons estudis realitzats, el 80% de les malalties es deu a un d\u00e8ficit mitocondrial. El tractament INTERVAL-HYPOXIE-HYPEROXIE (IHHT) destrueix els mitocondris vells i accelera la proliferaci\u00f3 de mitocondris cel\u00b7lulars m\u00e9s [&hellip;]<\/p>\n","protected":false},"author":1,"featured_media":0,"parent":0,"menu_order":0,"comment_status":"closed","ping_status":"closed","template":"","meta":{"footnotes":""},"class_list":["post-505","page","type-page","status-publish","hentry"],"yoast_head":"<!-- This site is optimized with the Yoast SEO plugin v27.2 - https:\/\/yoast.com\/product\/yoast-seo-wordpress\/ -->\n<title>Ter\u00e0pia mitocondrial en Lloret de Mar (Girona) &#8226; Cos Esvelt<\/title>\n<meta name=\"description\" content=\"Al Centre Fisioest\u00e8tic Cos Esvelt li oferim la nostra ter\u00e0pia mitocondrial a Lloret de Mar i Barcelona. Al mitocondri es generen di\u00e0riament 80 quilograms de trifosfat d&#039;adenosina (ATP), subst\u00e0ncia encarregada de generar energia i que el metabolisme continu\u00ef funcionant correctament.\" \/>\n<meta name=\"robots\" content=\"index, follow, max-snippet:-1, max-image-preview:large, max-video-preview:-1\" \/>\n<link rel=\"canonical\" href=\"https:\/\/www.cosesvelt.com\/ca\/terapia-mitocondrial\/\" \/>\n<meta property=\"og:locale\" content=\"ca_ES\" \/>\n<meta property=\"og:type\" content=\"article\" \/>\n<meta property=\"og:title\" content=\"Ter\u00e0pia mitocondrial en Lloret de Mar (Girona) &#8226; Cos Esvelt\" \/>\n<meta property=\"og:description\" content=\"Al Centre Fisioest\u00e8tic Cos Esvelt li oferim la nostra ter\u00e0pia mitocondrial a Lloret de Mar i Barcelona. Al mitocondri es generen di\u00e0riament 80 quilograms de trifosfat d&#039;adenosina (ATP), subst\u00e0ncia encarregada de generar energia i que el metabolisme continu\u00ef funcionant correctament.\" \/>\n<meta property=\"og:url\" content=\"https:\/\/www.cosesvelt.com\/ca\/terapia-mitocondrial\/\" \/>\n<meta property=\"og:site_name\" content=\"Cos Esvelt\" \/>\n<meta property=\"article:modified_time\" content=\"2022-07-05T06:34:47+00:00\" \/>\n<meta name=\"twitter:card\" content=\"summary_large_image\" \/>\n<meta name=\"twitter:label1\" content=\"Temps estimat de lectura\" \/>\n\t<meta name=\"twitter:data1\" content=\"2 minuts\" \/>\n<script type=\"application\/ld+json\" class=\"yoast-schema-graph\">{\"@context\":\"https:\/\/schema.org\",\"@graph\":[{\"@type\":\"WebPage\",\"@id\":\"https:\/\/www.cosesvelt.com\/ca\/terapia-mitocondrial\/\",\"url\":\"https:\/\/www.cosesvelt.com\/ca\/terapia-mitocondrial\/\",\"name\":\"Ter\u00e0pia mitocondrial en Lloret de Mar (Girona) &#8226; Cos Esvelt\",\"isPartOf\":{\"@id\":\"https:\/\/www.cosesvelt.com\/ca\/#website\"},\"datePublished\":\"2021-07-26T10:40:03+00:00\",\"dateModified\":\"2022-07-05T06:34:47+00:00\",\"description\":\"Al Centre Fisioest\u00e8tic Cos Esvelt li oferim la nostra ter\u00e0pia mitocondrial a Lloret de Mar i Barcelona. Al mitocondri es generen di\u00e0riament 80 quilograms de trifosfat d'adenosina (ATP), subst\u00e0ncia encarregada de generar energia i que el metabolisme continu\u00ef funcionant correctament.\",\"breadcrumb\":{\"@id\":\"https:\/\/www.cosesvelt.com\/ca\/terapia-mitocondrial\/#breadcrumb\"},\"inLanguage\":\"ca\",\"potentialAction\":[{\"@type\":\"ReadAction\",\"target\":[\"https:\/\/www.cosesvelt.com\/ca\/terapia-mitocondrial\/\"]}]},{\"@type\":\"BreadcrumbList\",\"@id\":\"https:\/\/www.cosesvelt.com\/ca\/terapia-mitocondrial\/#breadcrumb\",\"itemListElement\":[{\"@type\":\"ListItem\",\"position\":1,\"name\":\"Portada\",\"item\":\"https:\/\/www.cosesvelt.com\/ca\/\"},{\"@type\":\"ListItem\",\"position\":2,\"name\":\"Ter\u00e0pia mitocondrial\"}]},{\"@type\":\"WebSite\",\"@id\":\"https:\/\/www.cosesvelt.com\/ca\/#website\",\"url\":\"https:\/\/www.cosesvelt.com\/ca\/\",\"name\":\"Cos Esvelt\",\"description\":\"Fisioterapia en Lloret de Mar\",\"publisher\":{\"@id\":\"https:\/\/www.cosesvelt.com\/ca\/#organization\"},\"potentialAction\":[{\"@type\":\"SearchAction\",\"target\":{\"@type\":\"EntryPoint\",\"urlTemplate\":\"https:\/\/www.cosesvelt.com\/ca\/?s={search_term_string}\"},\"query-input\":{\"@type\":\"PropertyValueSpecification\",\"valueRequired\":true,\"valueName\":\"search_term_string\"}}],\"inLanguage\":\"ca\"},{\"@type\":\"Organization\",\"@id\":\"https:\/\/www.cosesvelt.com\/ca\/#organization\",\"name\":\"Cos Esvelt\",\"url\":\"https:\/\/www.cosesvelt.com\/ca\/\",\"logo\":{\"@type\":\"ImageObject\",\"inLanguage\":\"ca\",\"@id\":\"https:\/\/www.cosesvelt.com\/ca\/#\/schema\/logo\/image\/\",\"url\":\"https:\/\/www.cosesvelt.com\/wp-content\/uploads\/2021\/07\/logo.png\",\"contentUrl\":\"https:\/\/www.cosesvelt.com\/wp-content\/uploads\/2021\/07\/logo.png\",\"width\":308,\"height\":142,\"caption\":\"Cos Esvelt\"},\"image\":{\"@id\":\"https:\/\/www.cosesvelt.com\/ca\/#\/schema\/logo\/image\/\"}}]}<\/script>\n<!-- \/ Yoast SEO plugin. -->","yoast_head_json":{"title":"Ter\u00e0pia mitocondrial en Lloret de Mar (Girona) &#8226; Cos Esvelt","description":"Al Centre Fisioest\u00e8tic Cos Esvelt li oferim la nostra ter\u00e0pia mitocondrial a Lloret de Mar i Barcelona. Al mitocondri es generen di\u00e0riament 80 quilograms de trifosfat d'adenosina (ATP), subst\u00e0ncia encarregada de generar energia i que el metabolisme continu\u00ef funcionant correctament.","robots":{"index":"index","follow":"follow","max-snippet":"max-snippet:-1","max-image-preview":"max-image-preview:large","max-video-preview":"max-video-preview:-1"},"canonical":"https:\/\/www.cosesvelt.com\/ca\/terapia-mitocondrial\/","og_locale":"ca_ES","og_type":"article","og_title":"Ter\u00e0pia mitocondrial en Lloret de Mar (Girona) &#8226; Cos Esvelt","og_description":"Al Centre Fisioest\u00e8tic Cos Esvelt li oferim la nostra ter\u00e0pia mitocondrial a Lloret de Mar i Barcelona. Al mitocondri es generen di\u00e0riament 80 quilograms de trifosfat d'adenosina (ATP), subst\u00e0ncia encarregada de generar energia i que el metabolisme continu\u00ef funcionant correctament.","og_url":"https:\/\/www.cosesvelt.com\/ca\/terapia-mitocondrial\/","og_site_name":"Cos Esvelt","article_modified_time":"2022-07-05T06:34:47+00:00","twitter_card":"summary_large_image","twitter_misc":{"Temps estimat de lectura":"2 minuts"},"schema":{"@context":"https:\/\/schema.org","@graph":[{"@type":"WebPage","@id":"https:\/\/www.cosesvelt.com\/ca\/terapia-mitocondrial\/","url":"https:\/\/www.cosesvelt.com\/ca\/terapia-mitocondrial\/","name":"Ter\u00e0pia mitocondrial en Lloret de Mar (Girona) &#8226; Cos Esvelt","isPartOf":{"@id":"https:\/\/www.cosesvelt.com\/ca\/#website"},"datePublished":"2021-07-26T10:40:03+00:00","dateModified":"2022-07-05T06:34:47+00:00","description":"Al Centre Fisioest\u00e8tic Cos Esvelt li oferim la nostra ter\u00e0pia mitocondrial a Lloret de Mar i Barcelona. Al mitocondri es generen di\u00e0riament 80 quilograms de trifosfat d'adenosina (ATP), subst\u00e0ncia encarregada de generar energia i que el metabolisme continu\u00ef funcionant correctament.","breadcrumb":{"@id":"https:\/\/www.cosesvelt.com\/ca\/terapia-mitocondrial\/#breadcrumb"},"inLanguage":"ca","potentialAction":[{"@type":"ReadAction","target":["https:\/\/www.cosesvelt.com\/ca\/terapia-mitocondrial\/"]}]},{"@type":"BreadcrumbList","@id":"https:\/\/www.cosesvelt.com\/ca\/terapia-mitocondrial\/#breadcrumb","itemListElement":[{"@type":"ListItem","position":1,"name":"Portada","item":"https:\/\/www.cosesvelt.com\/ca\/"},{"@type":"ListItem","position":2,"name":"Ter\u00e0pia mitocondrial"}]},{"@type":"WebSite","@id":"https:\/\/www.cosesvelt.com\/ca\/#website","url":"https:\/\/www.cosesvelt.com\/ca\/","name":"Cos Esvelt","description":"Fisioterapia en Lloret de Mar","publisher":{"@id":"https:\/\/www.cosesvelt.com\/ca\/#organization"},"potentialAction":[{"@type":"SearchAction","target":{"@type":"EntryPoint","urlTemplate":"https:\/\/www.cosesvelt.com\/ca\/?s={search_term_string}"},"query-input":{"@type":"PropertyValueSpecification","valueRequired":true,"valueName":"search_term_string"}}],"inLanguage":"ca"},{"@type":"Organization","@id":"https:\/\/www.cosesvelt.com\/ca\/#organization","name":"Cos Esvelt","url":"https:\/\/www.cosesvelt.com\/ca\/","logo":{"@type":"ImageObject","inLanguage":"ca","@id":"https:\/\/www.cosesvelt.com\/ca\/#\/schema\/logo\/image\/","url":"https:\/\/www.cosesvelt.com\/wp-content\/uploads\/2021\/07\/logo.png","contentUrl":"https:\/\/www.cosesvelt.com\/wp-content\/uploads\/2021\/07\/logo.png","width":308,"height":142,"caption":"Cos Esvelt"},"image":{"@id":"https:\/\/www.cosesvelt.com\/ca\/#\/schema\/logo\/image\/"}}]}},"_links":{"self":[{"href":"https:\/\/www.cosesvelt.com\/ca\/wp-json\/wp\/v2\/pages\/505","targetHints":{"allow":["GET"]}}],"collection":[{"href":"https:\/\/www.cosesvelt.com\/ca\/wp-json\/wp\/v2\/pages"}],"about":[{"href":"https:\/\/www.cosesvelt.com\/ca\/wp-json\/wp\/v2\/types\/page"}],"author":[{"embeddable":true,"href":"https:\/\/www.cosesvelt.com\/ca\/wp-json\/wp\/v2\/users\/1"}],"replies":[{"embeddable":true,"href":"https:\/\/www.cosesvelt.com\/ca\/wp-json\/wp\/v2\/comments?post=505"}],"version-history":[{"count":11,"href":"https:\/\/www.cosesvelt.com\/ca\/wp-json\/wp\/v2\/pages\/505\/revisions"}],"predecessor-version":[{"id":1442,"href":"https:\/\/www.cosesvelt.com\/ca\/wp-json\/wp\/v2\/pages\/505\/revisions\/1442"}],"wp:attachment":[{"href":"https:\/\/www.cosesvelt.com\/ca\/wp-json\/wp\/v2\/media?parent=505"}],"curies":[{"name":"wp","href":"https:\/\/api.w.org\/{rel}","templated":true}]}}