{"id":480,"date":"2021-07-26T10:19:59","date_gmt":"2021-07-26T10:19:59","guid":{"rendered":"https:\/\/www.cosesvelt.com\/fisioterapia\/"},"modified":"2021-08-18T17:47:02","modified_gmt":"2021-08-18T17:47:02","slug":"fisioterapia","status":"publish","type":"page","link":"https:\/\/www.cosesvelt.com\/ca\/fisioterapia\/","title":{"rendered":"Fisioter\u00e0pia"},"content":{"rendered":"\t\t<div data-elementor-type=\"wp-page\" data-elementor-id=\"480\" class=\"elementor elementor-480 elementor-110\" data-elementor-post-type=\"page\">\n\t\t\t\t\t\t<header class=\"elementor-section elementor-top-section elementor-element elementor-element-96ef4a1 elementor-section-height-min-height elementor-section-boxed elementor-section-height-default elementor-section-items-middle\" data-id=\"96ef4a1\" data-element_type=\"section\" data-e-type=\"section\" data-settings=\"{&quot;background_background&quot;:&quot;classic&quot;}\">\n\t\t\t\t\t\t<div class=\"elementor-container elementor-column-gap-default\">\n\t\t\t\t\t<div class=\"elementor-column elementor-col-100 elementor-top-column elementor-element elementor-element-14e4672c\" data-id=\"14e4672c\" data-element_type=\"column\" data-e-type=\"column\">\n\t\t\t<div class=\"elementor-widget-wrap elementor-element-populated\">\n\t\t\t\t\t\t<div class=\"elementor-element elementor-element-60bcd0a elementor-invisible elementor-widget elementor-widget-heading\" data-id=\"60bcd0a\" data-element_type=\"widget\" data-e-type=\"widget\" data-settings=\"{&quot;_animation&quot;:&quot;fadeInDown&quot;,&quot;_animation_delay&quot;:500}\" data-widget_type=\"heading.default\">\n\t\t\t\t<div class=\"elementor-widget-container\">\n\t\t\t\t\t<h1 class=\"elementor-heading-title elementor-size-default\">Fisioter\u00e0pia<\/h1>\t\t\t\t<\/div>\n\t\t\t\t<\/div>\n\t\t\t\t\t<\/div>\n\t\t<\/div>\n\t\t\t\t\t<\/div>\n\t\t<\/header>\n\t\t\t\t<section class=\"elementor-section elementor-top-section elementor-element elementor-element-2aa0916d elementor-section-content-middle elementor-section-boxed elementor-section-height-default elementor-section-height-default\" data-id=\"2aa0916d\" data-element_type=\"section\" data-e-type=\"section\" data-settings=\"{&quot;background_background&quot;:&quot;classic&quot;}\">\n\t\t\t\t\t\t<div class=\"elementor-container elementor-column-gap-default\">\n\t\t\t\t\t<div class=\"elementor-column elementor-col-50 elementor-top-column elementor-element elementor-element-5059867d elementor-invisible\" data-id=\"5059867d\" data-element_type=\"column\" data-e-type=\"column\" data-settings=\"{&quot;animation&quot;:&quot;fadeInLeft&quot;,&quot;animation_delay&quot;:1000}\">\n\t\t\t<div class=\"elementor-widget-wrap elementor-element-populated\">\n\t\t\t\t\t\t<div class=\"elementor-element elementor-element-65dc80fd elementor-widget elementor-widget-heading\" data-id=\"65dc80fd\" data-element_type=\"widget\" data-e-type=\"widget\" data-widget_type=\"heading.default\">\n\t\t\t\t<div class=\"elementor-widget-container\">\n\t\t\t\t\t<h2 class=\"elementor-heading-title elementor-size-default\">Fisioter\u00e0pia en Lloret de Mar<\/h2>\t\t\t\t<\/div>\n\t\t\t\t<\/div>\n\t\t\t\t<div class=\"elementor-element elementor-element-1c78b5ef elementor-widget elementor-widget-text-editor\" data-id=\"1c78b5ef\" data-element_type=\"widget\" data-e-type=\"widget\" data-widget_type=\"text-editor.default\">\n\t\t\t\t<div class=\"elementor-widget-container\">\n\t\t\t\t\t\t\t\t\t<p>Pases massa temps assegut enfront de l&#8217;ordinador i et fa mal l&#8217;esquena? T&#8217;has lesionat practicant esport? Alleuja els teus s\u00edmptomes acudint a un centre de fisioter\u00e0pia. Els professionals de el <a href=\"https:\/\/www.cosesvelt.com\/ca\" data-track-event=\"click\" data-track-action=\"internal_link_clicked\">Centre Fisioest\u00e8tic Cos Esvelt<\/a> t&#8217;esperen a \u00a0<a href=\"https:\/\/www.cosesvelt.com\/ca\/contacte\/\" data-track-event=\"click\" data-track-action=\"internal_link_clicked\">Lloret de Mar<\/a> i Barcelona.<\/p>\n<p>Som especialistes en diferents camps: traumatologia, reumatolog\u00eda, neurologia, osteopat\u00eda, psicomotricitat,\u00a0fisioter\u00e0pia\u00a0respirat\u00f2ria i\u00a0fisioter\u00e0pia\u00a0esportiva.<\/p>\n\t\t\t\t\t\t\t\t<\/div>\n\t\t\t\t<\/div>\n\t\t\t\t\t<\/div>\n\t\t<\/div>\n\t\t\t\t<div class=\"elementor-column elementor-col-50 elementor-top-column elementor-element elementor-element-3519a6a1 elementor-invisible\" data-id=\"3519a6a1\" data-element_type=\"column\" data-e-type=\"column\" data-settings=\"{&quot;animation&quot;:&quot;fadeInRight&quot;,&quot;animation_delay&quot;:1000}\">\n\t\t\t<div class=\"elementor-widget-wrap elementor-element-populated\">\n\t\t\t\t\t\t<div class=\"elementor-element elementor-element-53657c4 elementor--h-position-center elementor--v-position-middle elementor-arrows-position-inside elementor-pagination-position-inside elementor-widget elementor-widget-slides\" data-id=\"53657c4\" data-element_type=\"widget\" data-e-type=\"widget\" data-settings=\"{&quot;navigation&quot;:&quot;both&quot;,&quot;autoplay&quot;:&quot;yes&quot;,&quot;pause_on_hover&quot;:&quot;yes&quot;,&quot;pause_on_interaction&quot;:&quot;yes&quot;,&quot;autoplay_speed&quot;:5000,&quot;infinite&quot;:&quot;yes&quot;,&quot;transition&quot;:&quot;slide&quot;,&quot;transition_speed&quot;:500}\" data-widget_type=\"slides.default\">\n\t\t\t\t<div class=\"elementor-widget-container\">\n\t\t\t\t\t\t\t\t\t<div class=\"elementor-swiper\">\n\t\t\t\t\t<div class=\"elementor-slides-wrapper elementor-main-swiper swiper\" role=\"region\" aria-roledescription=\"carousel\" aria-label=\"Slides\" dir=\"ltr\" data-animation=\"fadeInUp\">\n\t\t\t\t<div class=\"swiper-wrapper elementor-slides\">\n\t\t\t\t\t\t\t\t\t\t<div class=\"elementor-repeater-item-7505125 swiper-slide\" role=\"group\" aria-roledescription=\"slide\"><div class=\"swiper-slide-bg\" role=\"img\"><\/div><div class=\"swiper-slide-inner\" ><div class=\"swiper-slide-contents\"><\/div><\/div><\/div><div class=\"elementor-repeater-item-ada2c9b swiper-slide\" role=\"group\" aria-roledescription=\"slide\"><div class=\"swiper-slide-bg\" role=\"img\"><\/div><div class=\"swiper-slide-inner\" ><div class=\"swiper-slide-contents\"><\/div><\/div><\/div><div class=\"elementor-repeater-item-33e7b35 swiper-slide\" role=\"group\" aria-roledescription=\"slide\"><div class=\"swiper-slide-bg\" role=\"img\"><\/div><div class=\"swiper-slide-inner\" ><div class=\"swiper-slide-contents\"><\/div><\/div><\/div>\t\t\t\t<\/div>\n\t\t\t\t\t\t\t\t\t\t\t\t\t\t\t<div class=\"elementor-swiper-button elementor-swiper-button-prev\" role=\"button\" tabindex=\"0\" aria-label=\"Previous slide\">\n\t\t\t\t\t\t\t<i aria-hidden=\"true\" class=\"eicon-chevron-left\"><\/i>\t\t\t\t\t\t<\/div>\n\t\t\t\t\t\t<div class=\"elementor-swiper-button elementor-swiper-button-next\" role=\"button\" tabindex=\"0\" aria-label=\"Next slide\">\n\t\t\t\t\t\t\t<i aria-hidden=\"true\" class=\"eicon-chevron-right\"><\/i>\t\t\t\t\t\t<\/div>\n\t\t\t\t\t\t\t\t\t\t\t\t\t\t\t\t<div class=\"swiper-pagination\"><\/div>\n\t\t\t\t\t\t\t\t\t\t\t\t<\/div>\n\t\t\t\t<\/div>\n\t\t\t\t\t\t\t\t<\/div>\n\t\t\t\t<\/div>\n\t\t\t\t\t<\/div>\n\t\t<\/div>\n\t\t\t\t\t<\/div>\n\t\t<\/section>\n\t\t\t\t<section class=\"elementor-section elementor-top-section elementor-element elementor-element-2e61a254 elementor-section-boxed elementor-section-height-default elementor-section-height-default\" data-id=\"2e61a254\" data-element_type=\"section\" data-e-type=\"section\" data-settings=\"{&quot;background_background&quot;:&quot;classic&quot;}\">\n\t\t\t\t\t\t<div class=\"elementor-container elementor-column-gap-default\">\n\t\t\t\t\t<div class=\"elementor-column elementor-col-100 elementor-top-column elementor-element elementor-element-6f8b3c97\" data-id=\"6f8b3c97\" data-element_type=\"column\" data-e-type=\"column\">\n\t\t\t<div class=\"elementor-widget-wrap elementor-element-populated\">\n\t\t\t\t\t\t<section class=\"elementor-section elementor-inner-section elementor-element elementor-element-1fd9eaa elementor-section-boxed elementor-section-height-default elementor-section-height-default\" data-id=\"1fd9eaa\" data-element_type=\"section\" data-e-type=\"section\">\n\t\t\t\t\t\t<div class=\"elementor-container elementor-column-gap-default\">\n\t\t\t\t\t<div class=\"elementor-column elementor-col-33 elementor-inner-column elementor-element elementor-element-3b2fda elementor-invisible\" data-id=\"3b2fda\" data-element_type=\"column\" data-e-type=\"column\" data-settings=\"{&quot;background_background&quot;:&quot;gradient&quot;,&quot;animation&quot;:&quot;fadeInLeft&quot;}\">\n\t\t\t<div class=\"elementor-widget-wrap elementor-element-populated\">\n\t\t\t\t\t\t<div class=\"elementor-element elementor-element-cb52a84 elementor-widget elementor-widget-icon-box\" data-id=\"cb52a84\" data-element_type=\"widget\" data-e-type=\"widget\" data-widget_type=\"icon-box.default\">\n\t\t\t\t<div class=\"elementor-widget-container\">\n\t\t\t\t\t\t\t<div class=\"elementor-icon-box-wrapper\">\n\n\t\t\t\n\t\t\t\t\t\t<div class=\"elementor-icon-box-content\">\n\n\t\t\t\t\t\t\t\t\t<h3 class=\"elementor-icon-box-title\">\n\t\t\t\t\t\t<span  >\n\t\t\t\t\t\t\tFisioter\u00e0pia\t\t\t\t\t\t<\/span>\n\t\t\t\t\t<\/h3>\n\t\t\t\t\n\t\t\t\t\t\t\t\t\t<p class=\"elementor-icon-box-description\">\n\t\t\t\t\t\tEstem especialitzats en:\r\nTraumatologia.\r\nReumatolog\u00eda.\r\nNeurologia.\r\nAlgies vertebrals.\r\nFisioter\u00e0pia respirat\u00f2ria.\r\nOsteopat\u00eda.\r\nPsicomotricitat.\r\nFisioter\u00e0pia esportiva.\t\t\t\t\t<\/p>\n\t\t\t\t\n\t\t\t<\/div>\n\t\t\t\n\t\t<\/div>\n\t\t\t\t\t\t<\/div>\n\t\t\t\t<\/div>\n\t\t\t\t\t<\/div>\n\t\t<\/div>\n\t\t\t\t<div class=\"elementor-column elementor-col-33 elementor-inner-column elementor-element elementor-element-34080459 elementor-invisible\" data-id=\"34080459\" data-element_type=\"column\" data-e-type=\"column\" data-settings=\"{&quot;background_background&quot;:&quot;gradient&quot;,&quot;animation&quot;:&quot;fadeInRight&quot;}\">\n\t\t\t<div class=\"elementor-widget-wrap elementor-element-populated\">\n\t\t\t\t\t\t<div class=\"elementor-element elementor-element-44e137df elementor-widget elementor-widget-icon-box\" data-id=\"44e137df\" data-element_type=\"widget\" data-e-type=\"widget\" data-widget_type=\"icon-box.default\">\n\t\t\t\t<div class=\"elementor-widget-container\">\n\t\t\t\t\t\t\t<div class=\"elementor-icon-box-wrapper\">\n\n\t\t\t\n\t\t\t\t\t\t<div class=\"elementor-icon-box-content\">\n\n\t\t\t\t\t\t\t\t\t<h3 class=\"elementor-icon-box-title\">\n\t\t\t\t\t\t<span  >\n\t\t\t\t\t\t\tRehabilitaci\u00f3 f\u00edsica per a dolors musculars i articulars\t\t\t\t\t\t<\/span>\n\t\t\t\t\t<\/h3>\n\t\t\t\t\n\t\t\t\t\t\t\t\t\t<p class=\"elementor-icon-box-description\">\n\t\t\t\t\t\tOnes de xoc.\r\nArtrosi.\r\nArtritis.\r\nEspol\u00f3 calcani.\r\nCapsulitis.\r\nPeriartritis escapulohumeral.\r\nRigidesa en les articulacions.\r\nProcessos degeneratius.\r\nEspatlla congelada.\r\nS\u00edndrome del t\u00fanel carpi\u00e0.\r\nMetatarsalgias.\r\nFibromi\u00e0lgia.\t\t\t\t\t<\/p>\n\t\t\t\t\n\t\t\t<\/div>\n\t\t\t\n\t\t<\/div>\n\t\t\t\t\t\t<\/div>\n\t\t\t\t<\/div>\n\t\t\t\t\t<\/div>\n\t\t<\/div>\n\t\t\t\t<div class=\"elementor-column elementor-col-33 elementor-inner-column elementor-element elementor-element-1b4f23cc elementor-invisible\" data-id=\"1b4f23cc\" data-element_type=\"column\" data-e-type=\"column\" data-settings=\"{&quot;background_background&quot;:&quot;gradient&quot;,&quot;animation&quot;:&quot;fadeInUp&quot;}\">\n\t\t\t<div class=\"elementor-widget-wrap elementor-element-populated\">\n\t\t\t\t\t\t<div class=\"elementor-element elementor-element-4dc9a761 elementor-widget elementor-widget-icon-box\" data-id=\"4dc9a761\" data-element_type=\"widget\" data-e-type=\"widget\" data-widget_type=\"icon-box.default\">\n\t\t\t\t<div class=\"elementor-widget-container\">\n\t\t\t\t\t\t\t<div class=\"elementor-icon-box-wrapper\">\n\n\t\t\t\n\t\t\t\t\t\t<div class=\"elementor-icon-box-content\">\n\n\t\t\t\t\t\t\t\t\t<h3 class=\"elementor-icon-box-title\">\n\t\t\t\t\t\t<span  >\n\t\t\t\t\t\t\tTer\u00e0pies\t\t\t\t\t\t<\/span>\n\t\t\t\t\t<\/h3>\n\t\t\t\t\n\t\t\t\t\t\t\t\t\t<p class=\"elementor-icon-box-description\">\n\t\t\t\t\t\tMassatge esportiu.\r\nMassatge terap\u00e8utic.\r\nMassatge descontracturant.\r\nT\u00e8cnica punts gatell.\r\nMassatge circulatori.\r\nStretching.\r\nTraccions i mobilitzacions.\t\t\t\t\t<\/p>\n\t\t\t\t\n\t\t\t<\/div>\n\t\t\t\n\t\t<\/div>\n\t\t\t\t\t\t<\/div>\n\t\t\t\t<\/div>\n\t\t\t\t\t<\/div>\n\t\t<\/div>\n\t\t\t\t\t<\/div>\n\t\t<\/section>\n\t\t\t\t<section class=\"elementor-section elementor-inner-section elementor-element elementor-element-411aa00 elementor-section-boxed elementor-section-height-default elementor-section-height-default\" data-id=\"411aa00\" data-element_type=\"section\" data-e-type=\"section\">\n\t\t\t\t\t\t<div class=\"elementor-container elementor-column-gap-default\">\n\t\t\t\t\t<div class=\"elementor-column elementor-col-50 elementor-inner-column elementor-element elementor-element-15ca23df elementor-invisible\" data-id=\"15ca23df\" data-element_type=\"column\" data-e-type=\"column\" data-settings=\"{&quot;background_background&quot;:&quot;gradient&quot;,&quot;animation&quot;:&quot;fadeInLeft&quot;}\">\n\t\t\t<div class=\"elementor-widget-wrap elementor-element-populated\">\n\t\t\t\t\t\t<div class=\"elementor-element elementor-element-593b67f0 elementor-widget elementor-widget-icon-box\" data-id=\"593b67f0\" data-element_type=\"widget\" data-e-type=\"widget\" data-widget_type=\"icon-box.default\">\n\t\t\t\t<div class=\"elementor-widget-container\">\n\t\t\t\t\t\t\t<div class=\"elementor-icon-box-wrapper\">\n\n\t\t\t\n\t\t\t\t\t\t<div class=\"elementor-icon-box-content\">\n\n\t\t\t\t\t\t\t\t\t<h3 class=\"elementor-icon-box-title\">\n\t\t\t\t\t\t<span  >\n\t\t\t\t\t\t\tLesions esportives\t\t\t\t\t\t<\/span>\n\t\t\t\t\t<\/h3>\n\t\t\t\t\n\t\t\t\t\t\t\t\t\t<p class=\"elementor-icon-box-description\">\n\t\t\t\t\t\tDistensions, trencaments de fibres.\r\nEpicondilitis.\r\nEpitrocleitis.\r\nTendinitis.\r\nEscur\u00e7aments musculars.\r\n\r\nPubalgies.\r\nEsquin\u00e7os.\r\nLesions de menisc.\r\nPatologia del maniguet de rotadors.\r\nLuxacions.\r\nFractures.\r\nBursitis.\r\nMalaltia de Osgood-Schlatter.\t\t\t\t\t<\/p>\n\t\t\t\t\n\t\t\t<\/div>\n\t\t\t\n\t\t<\/div>\n\t\t\t\t\t\t<\/div>\n\t\t\t\t<\/div>\n\t\t\t\t\t<\/div>\n\t\t<\/div>\n\t\t\t\t<div class=\"elementor-column elementor-col-50 elementor-inner-column elementor-element elementor-element-3c21d10 elementor-invisible\" data-id=\"3c21d10\" data-element_type=\"column\" data-e-type=\"column\" data-settings=\"{&quot;background_background&quot;:&quot;gradient&quot;,&quot;animation&quot;:&quot;fadeInUp&quot;}\">\n\t\t\t<div class=\"elementor-widget-wrap elementor-element-populated\">\n\t\t\t\t\t\t<div class=\"elementor-element elementor-element-5e57ee38 elementor-widget elementor-widget-icon-box\" data-id=\"5e57ee38\" data-element_type=\"widget\" data-e-type=\"widget\" data-widget_type=\"icon-box.default\">\n\t\t\t\t<div class=\"elementor-widget-container\">\n\t\t\t\t\t\t\t<div class=\"elementor-icon-box-wrapper\">\n\n\t\t\t\n\t\t\t\t\t\t<div class=\"elementor-icon-box-content\">\n\n\t\t\t\t\t\t\t\t\t<h3 class=\"elementor-icon-box-title\">\n\t\t\t\t\t\t<span  >\n\t\t\t\t\t\t\tProblemes d'esquena\t\t\t\t\t\t<\/span>\n\t\t\t\t\t<\/h3>\n\t\t\t\t\n\t\t\t\t\t\t\t\t\t<p class=\"elementor-icon-box-description\">\n\t\t\t\t\t\tCervicalgia.\r\nDorsalgia.\r\nLumb\u00e0lgia.\r\nCi\u00e0tica.\r\nEspondilitis.\r\nH\u00e8rnies discals.\r\nTorticoli.\r\nEscoliosi.\r\nCifosi.\r\nHiperlordosis lumbar.\r\nInversions de curvatura de la columna.\r\nReeducaci\u00f3 postural global.\t\t\t\t\t<\/p>\n\t\t\t\t\n\t\t\t<\/div>\n\t\t\t\n\t\t<\/div>\n\t\t\t\t\t\t<\/div>\n\t\t\t\t<\/div>\n\t\t\t\t\t<\/div>\n\t\t<\/div>\n\t\t\t\t\t<\/div>\n\t\t<\/section>\n\t\t\t\t\t<\/div>\n\t\t<\/div>\n\t\t\t\t\t<\/div>\n\t\t<\/section>\n\t\t\t\t<section class=\"elementor-section elementor-top-section elementor-element elementor-element-5aa95a0c elementor-section-boxed elementor-section-height-default elementor-section-height-default\" data-id=\"5aa95a0c\" data-element_type=\"section\" data-e-type=\"section\" data-settings=\"{&quot;background_background&quot;:&quot;classic&quot;}\">\n\t\t\t\t\t\t<div class=\"elementor-container elementor-column-gap-default\">\n\t\t\t\t\t<div class=\"elementor-column elementor-col-100 elementor-top-column elementor-element elementor-element-7d6b44a6\" data-id=\"7d6b44a6\" data-element_type=\"column\" data-e-type=\"column\">\n\t\t\t<div class=\"elementor-widget-wrap elementor-element-populated\">\n\t\t\t\t\t\t<div class=\"elementor-element elementor-element-34bdf2c2 elementor-invisible elementor-widget elementor-widget-heading\" data-id=\"34bdf2c2\" data-element_type=\"widget\" data-e-type=\"widget\" data-settings=\"{&quot;_animation&quot;:&quot;fadeInDown&quot;,&quot;_animation_delay&quot;:200}\" data-widget_type=\"heading.default\">\n\t\t\t\t<div class=\"elementor-widget-container\">\n\t\t\t\t\t<h2 class=\"elementor-heading-title elementor-size-default\">Relaxa't a les mans dels nostres fisioterapeutes<\/h2>\t\t\t\t<\/div>\n\t\t\t\t<\/div>\n\t\t\t\t<div class=\"elementor-element elementor-element-6f355a82 elementor-align-center elementor-invisible elementor-widget elementor-widget-button\" data-id=\"6f355a82\" data-element_type=\"widget\" data-e-type=\"widget\" data-settings=\"{&quot;_animation&quot;:&quot;fadeInDown&quot;}\" data-widget_type=\"button.default\">\n\t\t\t\t<div class=\"elementor-widget-container\">\n\t\t\t\t\t\t\t\t\t<div class=\"elementor-button-wrapper\">\n\t\t\t\t\t<a class=\"elementor-button elementor-button-link elementor-size-sm\" href=\"https:\/\/www.cosesvelt.com\/ca\/contacte\/\">\n\t\t\t\t\t\t<span class=\"elementor-button-content-wrapper\">\n\t\t\t\t\t\t\t\t\t<span class=\"elementor-button-text\">Reserva ara<\/span>\n\t\t\t\t\t<\/span>\n\t\t\t\t\t<\/a>\n\t\t\t\t<\/div>\n\t\t\t\t\t\t\t\t<\/div>\n\t\t\t\t<\/div>\n\t\t\t\t\t<\/div>\n\t\t<\/div>\n\t\t\t\t\t<\/div>\n\t\t<\/section>\n\t\t\t\t<\/div>\n\t\t","protected":false},"excerpt":{"rendered":"<p>Fisioter\u00e0pia Fisioter\u00e0pia en Lloret de Mar Pases massa temps assegut enfront de l&#8217;ordinador i et fa mal l&#8217;esquena? T&#8217;has lesionat practicant esport? Alleuja els teus s\u00edmptomes acudint a un centre de fisioter\u00e0pia. Els professionals de el Centre Fisioest\u00e8tic Cos Esvelt t&#8217;esperen a \u00a0Lloret de Mar i Barcelona. Som especialistes en diferents camps: traumatologia, reumatolog\u00eda, neurologia, [&hellip;]<\/p>\n","protected":false},"author":1,"featured_media":0,"parent":0,"menu_order":0,"comment_status":"closed","ping_status":"closed","template":"","meta":{"footnotes":""},"class_list":["post-480","page","type-page","status-publish","hentry"],"yoast_head":"<!-- This site is optimized with the Yoast SEO plugin v27.2 - https:\/\/yoast.com\/product\/yoast-seo-wordpress\/ -->\n<title>Fisioter\u00e0pia en Lloret de Mar &#8226; Cos Esvelt<\/title>\n<meta name=\"description\" content=\"Som especialistes en diferents camps: traumatologia, reumatolog\u00eda, neurologia, osteopat\u00eda, psicomotricitat, fisioter\u00e0pia respirat\u00f2ria i fisioter\u00e0pia esportiva.\" \/>\n<meta name=\"robots\" content=\"index, follow, max-snippet:-1, max-image-preview:large, max-video-preview:-1\" \/>\n<link rel=\"canonical\" href=\"https:\/\/www.cosesvelt.com\/ca\/fisioterapia\/\" \/>\n<meta property=\"og:locale\" content=\"ca_ES\" \/>\n<meta property=\"og:type\" content=\"article\" \/>\n<meta property=\"og:title\" content=\"Fisioter\u00e0pia en Lloret de Mar &#8226; Cos Esvelt\" \/>\n<meta property=\"og:description\" content=\"Som especialistes en diferents camps: traumatologia, reumatolog\u00eda, neurologia, osteopat\u00eda, psicomotricitat, fisioter\u00e0pia respirat\u00f2ria i fisioter\u00e0pia esportiva.\" \/>\n<meta property=\"og:url\" content=\"https:\/\/www.cosesvelt.com\/ca\/fisioterapia\/\" \/>\n<meta property=\"og:site_name\" content=\"Cos Esvelt\" \/>\n<meta property=\"article:modified_time\" content=\"2021-08-18T17:47:02+00:00\" \/>\n<meta name=\"twitter:card\" content=\"summary_large_image\" \/>\n<meta name=\"twitter:label1\" content=\"Temps estimat de lectura\" \/>\n\t<meta name=\"twitter:data1\" content=\"1 minut\" \/>\n<script type=\"application\/ld+json\" class=\"yoast-schema-graph\">{\"@context\":\"https:\/\/schema.org\",\"@graph\":[{\"@type\":\"WebPage\",\"@id\":\"https:\/\/www.cosesvelt.com\/ca\/fisioterapia\/\",\"url\":\"https:\/\/www.cosesvelt.com\/ca\/fisioterapia\/\",\"name\":\"Fisioter\u00e0pia en Lloret de Mar &#8226; Cos Esvelt\",\"isPartOf\":{\"@id\":\"https:\/\/www.cosesvelt.com\/ca\/#website\"},\"datePublished\":\"2021-07-26T10:19:59+00:00\",\"dateModified\":\"2021-08-18T17:47:02+00:00\",\"description\":\"Som especialistes en diferents camps: traumatologia, reumatolog\u00eda, neurologia, osteopat\u00eda, psicomotricitat, fisioter\u00e0pia respirat\u00f2ria i fisioter\u00e0pia esportiva.\",\"breadcrumb\":{\"@id\":\"https:\/\/www.cosesvelt.com\/ca\/fisioterapia\/#breadcrumb\"},\"inLanguage\":\"ca\",\"potentialAction\":[{\"@type\":\"ReadAction\",\"target\":[\"https:\/\/www.cosesvelt.com\/ca\/fisioterapia\/\"]}]},{\"@type\":\"BreadcrumbList\",\"@id\":\"https:\/\/www.cosesvelt.com\/ca\/fisioterapia\/#breadcrumb\",\"itemListElement\":[{\"@type\":\"ListItem\",\"position\":1,\"name\":\"Portada\",\"item\":\"https:\/\/www.cosesvelt.com\/ca\/\"},{\"@type\":\"ListItem\",\"position\":2,\"name\":\"Fisioter\u00e0pia\"}]},{\"@type\":\"WebSite\",\"@id\":\"https:\/\/www.cosesvelt.com\/ca\/#website\",\"url\":\"https:\/\/www.cosesvelt.com\/ca\/\",\"name\":\"Cos Esvelt\",\"description\":\"Fisioterapia en Lloret de Mar\",\"publisher\":{\"@id\":\"https:\/\/www.cosesvelt.com\/ca\/#organization\"},\"potentialAction\":[{\"@type\":\"SearchAction\",\"target\":{\"@type\":\"EntryPoint\",\"urlTemplate\":\"https:\/\/www.cosesvelt.com\/ca\/?s={search_term_string}\"},\"query-input\":{\"@type\":\"PropertyValueSpecification\",\"valueRequired\":true,\"valueName\":\"search_term_string\"}}],\"inLanguage\":\"ca\"},{\"@type\":\"Organization\",\"@id\":\"https:\/\/www.cosesvelt.com\/ca\/#organization\",\"name\":\"Cos Esvelt\",\"url\":\"https:\/\/www.cosesvelt.com\/ca\/\",\"logo\":{\"@type\":\"ImageObject\",\"inLanguage\":\"ca\",\"@id\":\"https:\/\/www.cosesvelt.com\/ca\/#\/schema\/logo\/image\/\",\"url\":\"https:\/\/www.cosesvelt.com\/wp-content\/uploads\/2021\/07\/logo.png\",\"contentUrl\":\"https:\/\/www.cosesvelt.com\/wp-content\/uploads\/2021\/07\/logo.png\",\"width\":308,\"height\":142,\"caption\":\"Cos Esvelt\"},\"image\":{\"@id\":\"https:\/\/www.cosesvelt.com\/ca\/#\/schema\/logo\/image\/\"}}]}<\/script>\n<!-- \/ Yoast SEO plugin. -->","yoast_head_json":{"title":"Fisioter\u00e0pia en Lloret de Mar &#8226; Cos Esvelt","description":"Som especialistes en diferents camps: traumatologia, reumatolog\u00eda, neurologia, osteopat\u00eda, psicomotricitat, fisioter\u00e0pia respirat\u00f2ria i fisioter\u00e0pia esportiva.","robots":{"index":"index","follow":"follow","max-snippet":"max-snippet:-1","max-image-preview":"max-image-preview:large","max-video-preview":"max-video-preview:-1"},"canonical":"https:\/\/www.cosesvelt.com\/ca\/fisioterapia\/","og_locale":"ca_ES","og_type":"article","og_title":"Fisioter\u00e0pia en Lloret de Mar &#8226; Cos Esvelt","og_description":"Som especialistes en diferents camps: traumatologia, reumatolog\u00eda, neurologia, osteopat\u00eda, psicomotricitat, fisioter\u00e0pia respirat\u00f2ria i fisioter\u00e0pia esportiva.","og_url":"https:\/\/www.cosesvelt.com\/ca\/fisioterapia\/","og_site_name":"Cos Esvelt","article_modified_time":"2021-08-18T17:47:02+00:00","twitter_card":"summary_large_image","twitter_misc":{"Temps estimat de lectura":"1 minut"},"schema":{"@context":"https:\/\/schema.org","@graph":[{"@type":"WebPage","@id":"https:\/\/www.cosesvelt.com\/ca\/fisioterapia\/","url":"https:\/\/www.cosesvelt.com\/ca\/fisioterapia\/","name":"Fisioter\u00e0pia en Lloret de Mar &#8226; Cos Esvelt","isPartOf":{"@id":"https:\/\/www.cosesvelt.com\/ca\/#website"},"datePublished":"2021-07-26T10:19:59+00:00","dateModified":"2021-08-18T17:47:02+00:00","description":"Som especialistes en diferents camps: traumatologia, reumatolog\u00eda, neurologia, osteopat\u00eda, psicomotricitat, fisioter\u00e0pia respirat\u00f2ria i fisioter\u00e0pia esportiva.","breadcrumb":{"@id":"https:\/\/www.cosesvelt.com\/ca\/fisioterapia\/#breadcrumb"},"inLanguage":"ca","potentialAction":[{"@type":"ReadAction","target":["https:\/\/www.cosesvelt.com\/ca\/fisioterapia\/"]}]},{"@type":"BreadcrumbList","@id":"https:\/\/www.cosesvelt.com\/ca\/fisioterapia\/#breadcrumb","itemListElement":[{"@type":"ListItem","position":1,"name":"Portada","item":"https:\/\/www.cosesvelt.com\/ca\/"},{"@type":"ListItem","position":2,"name":"Fisioter\u00e0pia"}]},{"@type":"WebSite","@id":"https:\/\/www.cosesvelt.com\/ca\/#website","url":"https:\/\/www.cosesvelt.com\/ca\/","name":"Cos Esvelt","description":"Fisioterapia en Lloret de Mar","publisher":{"@id":"https:\/\/www.cosesvelt.com\/ca\/#organization"},"potentialAction":[{"@type":"SearchAction","target":{"@type":"EntryPoint","urlTemplate":"https:\/\/www.cosesvelt.com\/ca\/?s={search_term_string}"},"query-input":{"@type":"PropertyValueSpecification","valueRequired":true,"valueName":"search_term_string"}}],"inLanguage":"ca"},{"@type":"Organization","@id":"https:\/\/www.cosesvelt.com\/ca\/#organization","name":"Cos Esvelt","url":"https:\/\/www.cosesvelt.com\/ca\/","logo":{"@type":"ImageObject","inLanguage":"ca","@id":"https:\/\/www.cosesvelt.com\/ca\/#\/schema\/logo\/image\/","url":"https:\/\/www.cosesvelt.com\/wp-content\/uploads\/2021\/07\/logo.png","contentUrl":"https:\/\/www.cosesvelt.com\/wp-content\/uploads\/2021\/07\/logo.png","width":308,"height":142,"caption":"Cos Esvelt"},"image":{"@id":"https:\/\/www.cosesvelt.com\/ca\/#\/schema\/logo\/image\/"}}]}},"_links":{"self":[{"href":"https:\/\/www.cosesvelt.com\/ca\/wp-json\/wp\/v2\/pages\/480","targetHints":{"allow":["GET"]}}],"collection":[{"href":"https:\/\/www.cosesvelt.com\/ca\/wp-json\/wp\/v2\/pages"}],"about":[{"href":"https:\/\/www.cosesvelt.com\/ca\/wp-json\/wp\/v2\/types\/page"}],"author":[{"embeddable":true,"href":"https:\/\/www.cosesvelt.com\/ca\/wp-json\/wp\/v2\/users\/1"}],"replies":[{"embeddable":true,"href":"https:\/\/www.cosesvelt.com\/ca\/wp-json\/wp\/v2\/comments?post=480"}],"version-history":[{"count":9,"href":"https:\/\/www.cosesvelt.com\/ca\/wp-json\/wp\/v2\/pages\/480\/revisions"}],"predecessor-version":[{"id":712,"href":"https:\/\/www.cosesvelt.com\/ca\/wp-json\/wp\/v2\/pages\/480\/revisions\/712"}],"wp:attachment":[{"href":"https:\/\/www.cosesvelt.com\/ca\/wp-json\/wp\/v2\/media?parent=480"}],"curies":[{"name":"wp","href":"https:\/\/api.w.org\/{rel}","templated":true}]}}