{"id":463,"date":"2021-07-26T07:36:24","date_gmt":"2021-07-26T07:36:24","guid":{"rendered":"https:\/\/www.cosesvelt.com\/contacte\/"},"modified":"2022-07-05T06:13:45","modified_gmt":"2022-07-05T06:13:45","slug":"contacte","status":"publish","type":"page","link":"https:\/\/www.cosesvelt.com\/ca\/contacte\/","title":{"rendered":"Contacte"},"content":{"rendered":"\t\t<div data-elementor-type=\"wp-page\" data-elementor-id=\"463\" class=\"elementor elementor-463 elementor-334\" data-elementor-post-type=\"page\">\n\t\t\t\t\t\t<header class=\"elementor-section elementor-top-section elementor-element elementor-element-167901b5 elementor-section-height-min-height elementor-section-boxed elementor-section-height-default elementor-section-items-middle\" data-id=\"167901b5\" data-element_type=\"section\" data-e-type=\"section\" data-settings=\"{&quot;background_background&quot;:&quot;classic&quot;}\">\n\t\t\t\t\t\t<div class=\"elementor-container elementor-column-gap-default\">\n\t\t\t\t\t<div class=\"elementor-column elementor-col-100 elementor-top-column elementor-element elementor-element-7e2ab028\" data-id=\"7e2ab028\" data-element_type=\"column\" data-e-type=\"column\">\n\t\t\t<div class=\"elementor-widget-wrap elementor-element-populated\">\n\t\t\t\t\t\t<div class=\"elementor-element elementor-element-35c452a5 elementor-invisible elementor-widget elementor-widget-heading\" data-id=\"35c452a5\" data-element_type=\"widget\" data-e-type=\"widget\" data-settings=\"{&quot;_animation&quot;:&quot;fadeInDown&quot;,&quot;_animation_delay&quot;:700}\" data-widget_type=\"heading.default\">\n\t\t\t\t<div class=\"elementor-widget-container\">\n\t\t\t\t\t<h5 class=\"elementor-heading-title elementor-size-default\">Vine a visitar-nos<\/h5>\t\t\t\t<\/div>\n\t\t\t\t<\/div>\n\t\t\t\t<div class=\"elementor-element elementor-element-75feb5a3 elementor-invisible elementor-widget elementor-widget-heading\" data-id=\"75feb5a3\" data-element_type=\"widget\" data-e-type=\"widget\" data-settings=\"{&quot;_animation&quot;:&quot;fadeInDown&quot;,&quot;_animation_delay&quot;:500}\" data-widget_type=\"heading.default\">\n\t\t\t\t<div class=\"elementor-widget-container\">\n\t\t\t\t\t<h1 class=\"elementor-heading-title elementor-size-default\">Contacte<\/h1>\t\t\t\t<\/div>\n\t\t\t\t<\/div>\n\t\t\t\t\t<\/div>\n\t\t<\/div>\n\t\t\t\t\t<\/div>\n\t\t<\/header>\n\t\t\t\t<section class=\"elementor-section elementor-top-section elementor-element elementor-element-5331f4a7 elementor-section-stretched elementor-section-boxed elementor-section-height-default elementor-section-height-default\" data-id=\"5331f4a7\" data-element_type=\"section\" data-e-type=\"section\" data-settings=\"{&quot;stretch_section&quot;:&quot;section-stretched&quot;,&quot;background_background&quot;:&quot;classic&quot;}\">\n\t\t\t\t\t\t<div class=\"elementor-container elementor-column-gap-default\">\n\t\t\t\t\t<div class=\"elementor-column elementor-col-100 elementor-top-column elementor-element elementor-element-ec71c7e\" data-id=\"ec71c7e\" data-element_type=\"column\" data-e-type=\"column\">\n\t\t\t<div class=\"elementor-widget-wrap elementor-element-populated\">\n\t\t\t\t\t\t<div class=\"elementor-element elementor-element-0a88de4 elementor-invisible elementor-widget elementor-widget-heading\" data-id=\"0a88de4\" data-element_type=\"widget\" data-e-type=\"widget\" data-settings=\"{&quot;_animation&quot;:&quot;fadeInDown&quot;,&quot;_animation_delay&quot;:500}\" data-widget_type=\"heading.default\">\n\t\t\t\t<div class=\"elementor-widget-container\">\n\t\t\t\t\t<h1 class=\"elementor-heading-title elementor-size-default\">DADES DE CONTACTE DEL CENTRE FISIOEST\u00c8TIC COS ESVELT A LLORET DE MAR I BARCELONA<\/h1>\t\t\t\t<\/div>\n\t\t\t\t<\/div>\n\t\t\t\t<div class=\"elementor-element elementor-element-7c338487 elementor-invisible elementor-widget elementor-widget-text-editor\" data-id=\"7c338487\" data-element_type=\"widget\" data-e-type=\"widget\" data-settings=\"{&quot;_animation&quot;:&quot;fadeInDown&quot;,&quot;_animation_delay&quot;:300}\" data-widget_type=\"text-editor.default\">\n\t\t\t\t<div class=\"elementor-widget-container\">\n\t\t\t\t\t\t\t\t\t<p style=\"text-align: center;\">Som aqu\u00ed per a qualsevol tractament de fisioter\u00e0pia, est\u00e8tica facial i corporal, ter\u00e0pia emocional o natural que necessitis. Li facilitem les dades de contacte del nostre Centre Fisioest\u00e8tic Cos Esvelt en la localitat de Lloret de Mar i Barcelona.<\/p>\r\n<p style=\"text-align: center;\">Estarem encantats d&#8217;atendre-li i resoldre qualsevol dubte que li pugui sorgir sobre els tractaments que oferim.<\/p>\r\n<p style=\"text-align: center;\">Visiti&#8217;ns a la nostra adre\u00e7a f\u00edsica o demani cita al tel\u00e8fon \u00a0<strong><a href=\"tel:972369456\" data-global=\"phone\" data-track-event=\"click\" data-track-action=\"phone_link\">972 369 456<\/a>\u00a0(Lloret de Mar)\u00a0<\/strong>o\u00a0<strong><a href=\"tel:+34931240547\">931 240 547<\/a>\u00a0(Barcelona)<\/strong>. O si ho prefereixes, a traves del email <strong><a href=\"mailto:cosesvelt@gmail.com\">cosesvelt@gmail.com<\/a><\/strong><\/p>\t\t\t\t\t\t\t\t<\/div>\n\t\t\t\t<\/div>\n\t\t\t\t\t<\/div>\n\t\t<\/div>\n\t\t\t\t\t<\/div>\n\t\t<\/section>\n\t\t\t\t<section class=\"elementor-section elementor-top-section elementor-element elementor-element-3481fd55 elementor-section-boxed elementor-section-height-default elementor-section-height-default\" data-id=\"3481fd55\" data-element_type=\"section\" data-e-type=\"section\" data-settings=\"{&quot;background_background&quot;:&quot;classic&quot;}\">\n\t\t\t\t\t\t<div class=\"elementor-container elementor-column-gap-default\">\n\t\t\t\t\t<div class=\"elementor-column elementor-col-100 elementor-top-column elementor-element elementor-element-405d3986 elementor-invisible\" data-id=\"405d3986\" data-element_type=\"column\" data-e-type=\"column\" data-settings=\"{&quot;animation&quot;:&quot;fadeInUp&quot;}\">\n\t\t\t<div class=\"elementor-widget-wrap elementor-element-populated\">\n\t\t\t\t\t\t<div class=\"elementor-element elementor-element-b83befd elementor-button-align-stretch elementor-widget elementor-widget-form\" data-id=\"b83befd\" data-element_type=\"widget\" data-e-type=\"widget\" data-settings=\"{&quot;step_next_label&quot;:&quot;Next&quot;,&quot;step_previous_label&quot;:&quot;Previous&quot;,&quot;button_width&quot;:&quot;100&quot;,&quot;step_type&quot;:&quot;number_text&quot;,&quot;step_icon_shape&quot;:&quot;circle&quot;}\" data-widget_type=\"form.default\">\n\t\t\t\t<div class=\"elementor-widget-container\">\n\t\t\t\t\t\t\t<form class=\"elementor-form\" method=\"post\" name=\"New Form\" aria-label=\"New Form\">\n\t\t\t<input type=\"hidden\" name=\"post_id\" value=\"463\"\/>\n\t\t\t<input type=\"hidden\" name=\"form_id\" value=\"b83befd\"\/>\n\t\t\t<input type=\"hidden\" name=\"referer_title\" value=\"Contacte &#8226; Cos Esvelt\" \/>\n\n\t\t\t\t\t\t\t<input type=\"hidden\" name=\"queried_id\" value=\"463\"\/>\n\t\t\t\n\t\t\t<div class=\"elementor-form-fields-wrapper elementor-labels-\">\n\t\t\t\t\t\t\t\t<div class=\"elementor-field-type-text elementor-field-group elementor-column elementor-field-group-name elementor-col-100\">\n\t\t\t\t\t\t\t\t\t\t\t\t<label for=\"form-field-name\" class=\"elementor-field-label elementor-screen-only\">\n\t\t\t\t\t\t\t\tNom\t\t\t\t\t\t\t<\/label>\n\t\t\t\t\t\t\t\t\t\t\t\t\t\t<input size=\"1\" type=\"text\" name=\"form_fields[name]\" id=\"form-field-name\" class=\"elementor-field elementor-size-sm  elementor-field-textual\" placeholder=\"Nom\">\n\t\t\t\t\t\t\t\t\t\t\t<\/div>\n\t\t\t\t\t\t\t\t<div class=\"elementor-field-type-email elementor-field-group elementor-column elementor-field-group-email elementor-col-50 elementor-field-required\">\n\t\t\t\t\t\t\t\t\t\t\t\t<label for=\"form-field-email\" class=\"elementor-field-label elementor-screen-only\">\n\t\t\t\t\t\t\t\tEmail\t\t\t\t\t\t\t<\/label>\n\t\t\t\t\t\t\t\t\t\t\t\t\t\t<input size=\"1\" type=\"email\" name=\"form_fields[email]\" id=\"form-field-email\" class=\"elementor-field elementor-size-sm  elementor-field-textual\" placeholder=\"Email\" required=\"required\">\n\t\t\t\t\t\t\t\t\t\t\t<\/div>\n\t\t\t\t\t\t\t\t<div class=\"elementor-field-type-email elementor-field-group elementor-column elementor-field-group-field_a00fa08 elementor-col-50 elementor-field-required\">\n\t\t\t\t\t\t\t\t\t\t\t\t<label for=\"form-field-field_a00fa08\" class=\"elementor-field-label elementor-screen-only\">\n\t\t\t\t\t\t\t\tTel\u00e8fon\t\t\t\t\t\t\t<\/label>\n\t\t\t\t\t\t\t\t\t\t\t\t\t\t<input size=\"1\" type=\"email\" name=\"form_fields[field_a00fa08]\" id=\"form-field-field_a00fa08\" class=\"elementor-field elementor-size-sm  elementor-field-textual\" placeholder=\"Tel\u00e8fon\" required=\"required\">\n\t\t\t\t\t\t\t\t\t\t\t<\/div>\n\t\t\t\t\t\t\t\t<div class=\"elementor-field-type-textarea elementor-field-group elementor-column elementor-field-group-message elementor-col-100\">\n\t\t\t\t\t\t\t\t\t\t\t\t<label for=\"form-field-message\" class=\"elementor-field-label elementor-screen-only\">\n\t\t\t\t\t\t\t\tMissatge\t\t\t\t\t\t\t<\/label>\n\t\t\t\t\t\t<textarea class=\"elementor-field-textual elementor-field  elementor-size-sm\" name=\"form_fields[message]\" id=\"form-field-message\" rows=\"4\" placeholder=\"Missatge\"><\/textarea>\t\t\t\t<\/div>\n\t\t\t\t\t\t\t\t<div class=\"elementor-field-type-acceptance elementor-field-group elementor-column elementor-field-group-field_ebc977a elementor-col-100\">\n\t\t\t\t\t\t\t<div class=\"elementor-field-subgroup\">\n\t\t\t<span class=\"elementor-field-option\">\n\t\t\t\t<input type=\"checkbox\" name=\"form_fields[field_ebc977a]\" id=\"form-field-field_ebc977a\" class=\"elementor-field elementor-size-sm  elementor-acceptance-field\">\n\t\t\t\t<label for=\"form-field-field_ebc977a\">Confirmo que he llegit i accepto la <a href=\"\/ca\/politica-de-privacitat\"><b>pol\u00edtica de privacitat<\/b><\/a><\/label>\t\t\t<\/span>\n\t\t<\/div>\n\t\t\t\t\t\t<\/div>\n\t\t\t\t\t\t\t\t<div class=\"elementor-field-group elementor-column elementor-field-type-submit elementor-col-100 e-form__buttons\">\n\t\t\t\t\t<button class=\"elementor-button elementor-size-sm\" type=\"submit\">\n\t\t\t\t\t\t<span class=\"elementor-button-content-wrapper\">\n\t\t\t\t\t\t\t\t\t\t\t\t\t\t\t<span class=\"elementor-button-icon\">\n\t\t\t\t\t\t\t\t\t<i aria-hidden=\"true\" class=\"far fa-comment-dots\"><\/i>\t\t\t\t\t\t\t\t\t\t\t\t\t\t\t\t\t<\/span>\n\t\t\t\t\t\t\t\t\t\t\t\t\t\t\t\t\t\t\t\t\t\t<span class=\"elementor-button-text\">Enviar<\/span>\n\t\t\t\t\t\t\t\t\t\t\t\t\t<\/span>\n\t\t\t\t\t<\/button>\n\t\t\t\t<\/div>\n\t\t\t<\/div>\n\t\t<\/form>\n\t\t\t\t\t\t<\/div>\n\t\t\t\t<\/div>\n\t\t\t\t\t<\/div>\n\t\t<\/div>\n\t\t\t\t\t<\/div>\n\t\t<\/section>\n\t\t\t\t<section class=\"elementor-section elementor-top-section elementor-element elementor-element-614e963 elementor-section-height-min-height elementor-section-boxed elementor-section-height-default elementor-section-items-middle\" data-id=\"614e963\" data-element_type=\"section\" data-e-type=\"section\" data-settings=\"{&quot;background_background&quot;:&quot;classic&quot;}\">\n\t\t\t\t\t\t<div class=\"elementor-container elementor-column-gap-default\">\n\t\t\t\t\t<div class=\"elementor-column elementor-col-50 elementor-top-column elementor-element elementor-element-7a8ac54f\" data-id=\"7a8ac54f\" data-element_type=\"column\" data-e-type=\"column\">\n\t\t\t<div class=\"elementor-widget-wrap elementor-element-populated\">\n\t\t\t\t\t\t<div class=\"elementor-element elementor-element-23cd3b6 elementor-widget elementor-widget-google_maps\" data-id=\"23cd3b6\" data-element_type=\"widget\" data-e-type=\"widget\" data-widget_type=\"google_maps.default\">\n\t\t\t\t<div class=\"elementor-widget-container\">\n\t\t\t\t\t\t\t<div class=\"elementor-custom-embed\">\n\t\t\t<iframe loading=\"lazy\"\n\t\t\t\t\tsrc=\"https:\/\/maps.google.com\/maps?q=Centro%20Fisioest%C3%A9tico%20Cos%20Esvelt%2C%20Carrer%20Joan%20Baptista%20Lambert%2C%20Lloret%20de%20Mar&#038;t=m&#038;z=17&#038;output=embed&#038;iwloc=near\"\n\t\t\t\t\ttitle=\"Centro Fisioest\u00e9tico Cos Esvelt, Carrer Joan Baptista Lambert, Lloret de Mar\"\n\t\t\t\t\taria-label=\"Centro Fisioest\u00e9tico Cos Esvelt, Carrer Joan Baptista Lambert, Lloret de Mar\"\n\t\t\t><\/iframe>\n\t\t<\/div>\n\t\t\t\t\t\t<\/div>\n\t\t\t\t<\/div>\n\t\t\t\t<div class=\"elementor-element elementor-element-3719591 elementor-invisible elementor-widget elementor-widget-text-editor\" data-id=\"3719591\" data-element_type=\"widget\" data-e-type=\"widget\" data-settings=\"{&quot;_animation&quot;:&quot;fadeInDown&quot;,&quot;_animation_delay&quot;:300}\" data-widget_type=\"text-editor.default\">\n\t\t\t\t<div class=\"elementor-widget-container\">\n\t\t\t\t\t\t\t\t\t<p style=\"text-align: center;\">\ud83d\udccd\u00a0Joan Baptista Lambert 33, 17310 Lloret de Mar<\/p>\t\t\t\t\t\t\t\t<\/div>\n\t\t\t\t<\/div>\n\t\t\t\t\t<\/div>\n\t\t<\/div>\n\t\t\t\t<div class=\"elementor-column elementor-col-50 elementor-top-column elementor-element elementor-element-abb874b\" data-id=\"abb874b\" data-element_type=\"column\" data-e-type=\"column\">\n\t\t\t<div class=\"elementor-widget-wrap elementor-element-populated\">\n\t\t\t\t\t\t<div class=\"elementor-element elementor-element-5db1c10 elementor-widget elementor-widget-google_maps\" data-id=\"5db1c10\" data-element_type=\"widget\" data-e-type=\"widget\" data-widget_type=\"google_maps.default\">\n\t\t\t\t<div class=\"elementor-widget-container\">\n\t\t\t\t\t\t\t<div class=\"elementor-custom-embed\">\n\t\t\t<iframe loading=\"lazy\"\n\t\t\t\t\tsrc=\"https:\/\/maps.google.com\/maps?q=CENTRO%20FISIOEST%C3%89TICO%20COS%20ESVELT%2C%20Carrer%20de%20Bertrand%20i%20Serra%2C%20Barcelona&#038;t=m&#038;z=17&#038;output=embed&#038;iwloc=near\"\n\t\t\t\t\ttitle=\"CENTRO FISIOEST\u00c9TICO COS ESVELT, Carrer de Bertrand i Serra, Barcelona\"\n\t\t\t\t\taria-label=\"CENTRO FISIOEST\u00c9TICO COS ESVELT, Carrer de Bertrand i Serra, Barcelona\"\n\t\t\t><\/iframe>\n\t\t<\/div>\n\t\t\t\t\t\t<\/div>\n\t\t\t\t<\/div>\n\t\t\t\t<div class=\"elementor-element elementor-element-effcb40 elementor-invisible elementor-widget elementor-widget-text-editor\" data-id=\"effcb40\" data-element_type=\"widget\" data-e-type=\"widget\" data-settings=\"{&quot;_animation&quot;:&quot;fadeInDown&quot;,&quot;_animation_delay&quot;:300}\" data-widget_type=\"text-editor.default\">\n\t\t\t\t<div class=\"elementor-widget-container\">\n\t\t\t\t\t\t\t\t\t<p style=\"text-align: center;\">\ud83d\udccd Sant Elies 29-35, ESC. A, 2\u00ba 2\u00aa, 08006 Barcelona<\/p>\t\t\t\t\t\t\t\t<\/div>\n\t\t\t\t<\/div>\n\t\t\t\t\t<\/div>\n\t\t<\/div>\n\t\t\t\t\t<\/div>\n\t\t<\/section>\n\t\t\t\t<\/div>\n\t\t","protected":false},"excerpt":{"rendered":"<p>Vine a visitar-nos Contacte DADES DE CONTACTE DEL CENTRE FISIOEST\u00c8TIC COS ESVELT A LLORET DE MAR I BARCELONA Som aqu\u00ed per a qualsevol tractament de fisioter\u00e0pia, est\u00e8tica facial i corporal, ter\u00e0pia emocional o natural que necessitis. Li facilitem les dades de contacte del nostre Centre Fisioest\u00e8tic Cos Esvelt en la localitat de Lloret de Mar [&hellip;]<\/p>\n","protected":false},"author":1,"featured_media":0,"parent":0,"menu_order":0,"comment_status":"closed","ping_status":"closed","template":"","meta":{"footnotes":""},"class_list":["post-463","page","type-page","status-publish","hentry"],"yoast_head":"<!-- This site is optimized with the Yoast SEO plugin v27.2 - https:\/\/yoast.com\/product\/yoast-seo-wordpress\/ -->\n<title>Contacte &#8226; Cos Esvelt<\/title>\n<meta name=\"description\" content=\"Visiti&#039;ns a la nostra adre\u00e7a f\u00edsica o demani cita al tel\u00e8fon \ud83d\udcde972 369 456 o a l&#039;email \ud83d\udce7cosesvelt@gmail.com\" \/>\n<meta name=\"robots\" content=\"index, follow, max-snippet:-1, max-image-preview:large, max-video-preview:-1\" \/>\n<link rel=\"canonical\" href=\"https:\/\/www.cosesvelt.com\/ca\/contacte\/\" \/>\n<meta property=\"og:locale\" content=\"ca_ES\" \/>\n<meta property=\"og:type\" content=\"article\" \/>\n<meta property=\"og:title\" content=\"Contacte &#8226; Cos Esvelt\" \/>\n<meta property=\"og:description\" content=\"Visiti&#039;ns a la nostra adre\u00e7a f\u00edsica o demani cita al tel\u00e8fon \ud83d\udcde972 369 456 o a l&#039;email \ud83d\udce7cosesvelt@gmail.com\" \/>\n<meta property=\"og:url\" content=\"https:\/\/www.cosesvelt.com\/ca\/contacte\/\" \/>\n<meta property=\"og:site_name\" content=\"Cos Esvelt\" \/>\n<meta property=\"article:modified_time\" content=\"2022-07-05T06:13:45+00:00\" \/>\n<meta name=\"twitter:card\" content=\"summary_large_image\" \/>\n<meta name=\"twitter:label1\" content=\"Temps estimat de lectura\" \/>\n\t<meta name=\"twitter:data1\" content=\"1 minut\" \/>\n<script type=\"application\/ld+json\" class=\"yoast-schema-graph\">{\"@context\":\"https:\/\/schema.org\",\"@graph\":[{\"@type\":\"WebPage\",\"@id\":\"https:\/\/www.cosesvelt.com\/ca\/contacte\/\",\"url\":\"https:\/\/www.cosesvelt.com\/ca\/contacte\/\",\"name\":\"Contacte &#8226; Cos Esvelt\",\"isPartOf\":{\"@id\":\"https:\/\/www.cosesvelt.com\/ca\/#website\"},\"datePublished\":\"2021-07-26T07:36:24+00:00\",\"dateModified\":\"2022-07-05T06:13:45+00:00\",\"description\":\"Visiti'ns a la nostra adre\u00e7a f\u00edsica o demani cita al tel\u00e8fon \ud83d\udcde972 369 456 o a l'email \ud83d\udce7cosesvelt@gmail.com\",\"breadcrumb\":{\"@id\":\"https:\/\/www.cosesvelt.com\/ca\/contacte\/#breadcrumb\"},\"inLanguage\":\"ca\",\"potentialAction\":[{\"@type\":\"ReadAction\",\"target\":[\"https:\/\/www.cosesvelt.com\/ca\/contacte\/\"]}]},{\"@type\":\"BreadcrumbList\",\"@id\":\"https:\/\/www.cosesvelt.com\/ca\/contacte\/#breadcrumb\",\"itemListElement\":[{\"@type\":\"ListItem\",\"position\":1,\"name\":\"Portada\",\"item\":\"https:\/\/www.cosesvelt.com\/ca\/\"},{\"@type\":\"ListItem\",\"position\":2,\"name\":\"Contacte\"}]},{\"@type\":\"WebSite\",\"@id\":\"https:\/\/www.cosesvelt.com\/ca\/#website\",\"url\":\"https:\/\/www.cosesvelt.com\/ca\/\",\"name\":\"Cos Esvelt\",\"description\":\"Fisioterapia en Lloret de Mar\",\"publisher\":{\"@id\":\"https:\/\/www.cosesvelt.com\/ca\/#organization\"},\"potentialAction\":[{\"@type\":\"SearchAction\",\"target\":{\"@type\":\"EntryPoint\",\"urlTemplate\":\"https:\/\/www.cosesvelt.com\/ca\/?s={search_term_string}\"},\"query-input\":{\"@type\":\"PropertyValueSpecification\",\"valueRequired\":true,\"valueName\":\"search_term_string\"}}],\"inLanguage\":\"ca\"},{\"@type\":\"Organization\",\"@id\":\"https:\/\/www.cosesvelt.com\/ca\/#organization\",\"name\":\"Cos Esvelt\",\"url\":\"https:\/\/www.cosesvelt.com\/ca\/\",\"logo\":{\"@type\":\"ImageObject\",\"inLanguage\":\"ca\",\"@id\":\"https:\/\/www.cosesvelt.com\/ca\/#\/schema\/logo\/image\/\",\"url\":\"https:\/\/www.cosesvelt.com\/wp-content\/uploads\/2021\/07\/logo.png\",\"contentUrl\":\"https:\/\/www.cosesvelt.com\/wp-content\/uploads\/2021\/07\/logo.png\",\"width\":308,\"height\":142,\"caption\":\"Cos Esvelt\"},\"image\":{\"@id\":\"https:\/\/www.cosesvelt.com\/ca\/#\/schema\/logo\/image\/\"}}]}<\/script>\n<!-- \/ Yoast SEO plugin. -->","yoast_head_json":{"title":"Contacte &#8226; Cos Esvelt","description":"Visiti'ns a la nostra adre\u00e7a f\u00edsica o demani cita al tel\u00e8fon \ud83d\udcde972 369 456 o a l'email \ud83d\udce7cosesvelt@gmail.com","robots":{"index":"index","follow":"follow","max-snippet":"max-snippet:-1","max-image-preview":"max-image-preview:large","max-video-preview":"max-video-preview:-1"},"canonical":"https:\/\/www.cosesvelt.com\/ca\/contacte\/","og_locale":"ca_ES","og_type":"article","og_title":"Contacte &#8226; Cos Esvelt","og_description":"Visiti'ns a la nostra adre\u00e7a f\u00edsica o demani cita al tel\u00e8fon \ud83d\udcde972 369 456 o a l'email \ud83d\udce7cosesvelt@gmail.com","og_url":"https:\/\/www.cosesvelt.com\/ca\/contacte\/","og_site_name":"Cos Esvelt","article_modified_time":"2022-07-05T06:13:45+00:00","twitter_card":"summary_large_image","twitter_misc":{"Temps estimat de lectura":"1 minut"},"schema":{"@context":"https:\/\/schema.org","@graph":[{"@type":"WebPage","@id":"https:\/\/www.cosesvelt.com\/ca\/contacte\/","url":"https:\/\/www.cosesvelt.com\/ca\/contacte\/","name":"Contacte &#8226; Cos Esvelt","isPartOf":{"@id":"https:\/\/www.cosesvelt.com\/ca\/#website"},"datePublished":"2021-07-26T07:36:24+00:00","dateModified":"2022-07-05T06:13:45+00:00","description":"Visiti'ns a la nostra adre\u00e7a f\u00edsica o demani cita al tel\u00e8fon \ud83d\udcde972 369 456 o a l'email \ud83d\udce7cosesvelt@gmail.com","breadcrumb":{"@id":"https:\/\/www.cosesvelt.com\/ca\/contacte\/#breadcrumb"},"inLanguage":"ca","potentialAction":[{"@type":"ReadAction","target":["https:\/\/www.cosesvelt.com\/ca\/contacte\/"]}]},{"@type":"BreadcrumbList","@id":"https:\/\/www.cosesvelt.com\/ca\/contacte\/#breadcrumb","itemListElement":[{"@type":"ListItem","position":1,"name":"Portada","item":"https:\/\/www.cosesvelt.com\/ca\/"},{"@type":"ListItem","position":2,"name":"Contacte"}]},{"@type":"WebSite","@id":"https:\/\/www.cosesvelt.com\/ca\/#website","url":"https:\/\/www.cosesvelt.com\/ca\/","name":"Cos Esvelt","description":"Fisioterapia en Lloret de Mar","publisher":{"@id":"https:\/\/www.cosesvelt.com\/ca\/#organization"},"potentialAction":[{"@type":"SearchAction","target":{"@type":"EntryPoint","urlTemplate":"https:\/\/www.cosesvelt.com\/ca\/?s={search_term_string}"},"query-input":{"@type":"PropertyValueSpecification","valueRequired":true,"valueName":"search_term_string"}}],"inLanguage":"ca"},{"@type":"Organization","@id":"https:\/\/www.cosesvelt.com\/ca\/#organization","name":"Cos Esvelt","url":"https:\/\/www.cosesvelt.com\/ca\/","logo":{"@type":"ImageObject","inLanguage":"ca","@id":"https:\/\/www.cosesvelt.com\/ca\/#\/schema\/logo\/image\/","url":"https:\/\/www.cosesvelt.com\/wp-content\/uploads\/2021\/07\/logo.png","contentUrl":"https:\/\/www.cosesvelt.com\/wp-content\/uploads\/2021\/07\/logo.png","width":308,"height":142,"caption":"Cos Esvelt"},"image":{"@id":"https:\/\/www.cosesvelt.com\/ca\/#\/schema\/logo\/image\/"}}]}},"_links":{"self":[{"href":"https:\/\/www.cosesvelt.com\/ca\/wp-json\/wp\/v2\/pages\/463","targetHints":{"allow":["GET"]}}],"collection":[{"href":"https:\/\/www.cosesvelt.com\/ca\/wp-json\/wp\/v2\/pages"}],"about":[{"href":"https:\/\/www.cosesvelt.com\/ca\/wp-json\/wp\/v2\/types\/page"}],"author":[{"embeddable":true,"href":"https:\/\/www.cosesvelt.com\/ca\/wp-json\/wp\/v2\/users\/1"}],"replies":[{"embeddable":true,"href":"https:\/\/www.cosesvelt.com\/ca\/wp-json\/wp\/v2\/comments?post=463"}],"version-history":[{"count":3,"href":"https:\/\/www.cosesvelt.com\/ca\/wp-json\/wp\/v2\/pages\/463\/revisions"}],"predecessor-version":[{"id":1438,"href":"https:\/\/www.cosesvelt.com\/ca\/wp-json\/wp\/v2\/pages\/463\/revisions\/1438"}],"wp:attachment":[{"href":"https:\/\/www.cosesvelt.com\/ca\/wp-json\/wp\/v2\/media?parent=463"}],"curies":[{"name":"wp","href":"https:\/\/api.w.org\/{rel}","templated":true}]}}