{"id":1480,"date":"2024-08-30T10:36:08","date_gmt":"2024-08-30T10:36:08","guid":{"rendered":"https:\/\/www.cosesvelt.com\/blog\/"},"modified":"2025-06-18T16:54:28","modified_gmt":"2025-06-18T16:54:28","slug":"blog","status":"publish","type":"page","link":"https:\/\/www.cosesvelt.com\/ca\/blog\/","title":{"rendered":"Blog"},"content":{"rendered":"\t\t<div data-elementor-type=\"wp-page\" data-elementor-id=\"1480\" class=\"elementor elementor-1480 elementor-1462\" data-elementor-post-type=\"page\">\n\t\t\t\t\t\t<section class=\"elementor-section elementor-top-section elementor-element elementor-element-6766a70 elementor-section-boxed elementor-section-height-default elementor-section-height-default\" data-id=\"6766a70\" data-element_type=\"section\" data-e-type=\"section\">\n\t\t\t\t\t\t<div class=\"elementor-container elementor-column-gap-default\">\n\t\t\t\t\t<div class=\"elementor-column elementor-col-100 elementor-top-column elementor-element elementor-element-4b4a740\" data-id=\"4b4a740\" data-element_type=\"column\" data-e-type=\"column\">\n\t\t\t<div class=\"elementor-widget-wrap elementor-element-populated\">\n\t\t\t\t\t\t<div class=\"elementor-element elementor-element-e549a1b elementor-grid-3 elementor-grid-tablet-2 elementor-grid-mobile-1 elementor-posts--thumbnail-top elementor-card-shadow-yes elementor-posts__hover-gradient elementor-widget elementor-widget-posts\" data-id=\"e549a1b\" data-element_type=\"widget\" data-e-type=\"widget\" data-settings=\"{&quot;pagination_type&quot;:&quot;numbers&quot;,&quot;cards_columns&quot;:&quot;3&quot;,&quot;cards_columns_tablet&quot;:&quot;2&quot;,&quot;cards_columns_mobile&quot;:&quot;1&quot;,&quot;cards_row_gap&quot;:{&quot;unit&quot;:&quot;px&quot;,&quot;size&quot;:35,&quot;sizes&quot;:[]},&quot;cards_row_gap_tablet&quot;:{&quot;unit&quot;:&quot;px&quot;,&quot;size&quot;:&quot;&quot;,&quot;sizes&quot;:[]},&quot;cards_row_gap_mobile&quot;:{&quot;unit&quot;:&quot;px&quot;,&quot;size&quot;:&quot;&quot;,&quot;sizes&quot;:[]}}\" data-widget_type=\"posts.cards\">\n\t\t\t\t<div class=\"elementor-widget-container\">\n\t\t\t\t\t\t\t<div class=\"elementor-posts-container elementor-posts elementor-posts--skin-cards elementor-grid\" role=\"list\">\n\t\t\t\t<article class=\"elementor-post elementor-grid-item post-1615 post type-post status-publish format-standard has-post-thumbnail hentry category-sense-categoria\" role=\"listitem\">\n\t\t\t<div class=\"elementor-post__card\">\n\t\t\t\t<a class=\"elementor-post__thumbnail__link\" href=\"https:\/\/www.cosesvelt.com\/ca\/tractament-reafirmant-exclusiu-per-a-la-diastasi-abdominal-postpart-i-hernies-a-cos-esvelt\/\" tabindex=\"-1\" ><div class=\"elementor-post__thumbnail\"><img fetchpriority=\"high\" decoding=\"async\" width=\"300\" height=\"300\" src=\"https:\/\/www.cosesvelt.com\/wp-content\/uploads\/2026\/02\/Captura-de-pantalla-2026-02-02-a-las-20.47.55-300x300.jpg\" class=\"attachment-medium size-medium wp-image-1613\" alt=\"\" srcset=\"https:\/\/www.cosesvelt.com\/wp-content\/uploads\/2026\/02\/Captura-de-pantalla-2026-02-02-a-las-20.47.55-300x300.jpg 300w, https:\/\/www.cosesvelt.com\/wp-content\/uploads\/2026\/02\/Captura-de-pantalla-2026-02-02-a-las-20.47.55-1024x1022.jpg 1024w, https:\/\/www.cosesvelt.com\/wp-content\/uploads\/2026\/02\/Captura-de-pantalla-2026-02-02-a-las-20.47.55-150x150.jpg 150w, https:\/\/www.cosesvelt.com\/wp-content\/uploads\/2026\/02\/Captura-de-pantalla-2026-02-02-a-las-20.47.55-768x767.jpg 768w, https:\/\/www.cosesvelt.com\/wp-content\/uploads\/2026\/02\/Captura-de-pantalla-2026-02-02-a-las-20.47.55.jpg 1314w\" sizes=\"(max-width: 300px) 100vw, 300px\" \/><\/div><\/a>\n\t\t\t\t<div class=\"elementor-post__text\">\n\t\t\t\t<h3 class=\"elementor-post__title\">\n\t\t\t<a href=\"https:\/\/www.cosesvelt.com\/ca\/tractament-reafirmant-exclusiu-per-a-la-diastasi-abdominal-postpart-i-hernies-a-cos-esvelt\/\" >\n\t\t\t\tTractament reafirmant exclusiu per a la di\u00e0stasi abdominal postpart i h\u00e8rnies a Cos Esvelt\t\t\t<\/a>\n\t\t<\/h3>\n\t\t\t\t<div class=\"elementor-post__excerpt\">\n\t\t\t<p>A Cos Esvelt sabem que el cos canvia despr\u00e9s de l&#8217;embar\u00e0s o despr\u00e9s de patir una h\u00e8rnia abdominal, i que aquests canvis no sempre es corregeixen nom\u00e9s amb exercici. Per aix\u00f2, al nostre centre d&#8217;est\u00e8tica a Lloret de Mar oferim un tractament reafirmant totalment exclusiu per a la di\u00e0stasi abdominal,<\/p>\n\t\t<\/div>\n\t\t\n\t\t<a class=\"elementor-post__read-more\" href=\"https:\/\/www.cosesvelt.com\/ca\/tractament-reafirmant-exclusiu-per-a-la-diastasi-abdominal-postpart-i-hernies-a-cos-esvelt\/\" aria-label=\"Read more about Tractament reafirmant exclusiu per a la di\u00e0stasi abdominal postpart i h\u00e8rnies a Cos Esvelt\" tabindex=\"-1\" >\n\t\t\tLlegir m\u00e9s \u00bb\t\t<\/a>\n\n\t\t\t\t<\/div>\n\t\t\t\t<div class=\"elementor-post__meta-data\">\n\t\t\t\t\t<span class=\"elementor-post-date\">\n\t\t\t2 de febrer de 2026\t\t<\/span>\n\t\t\t\t<\/div>\n\t\t\t\t\t<\/div>\n\t\t<\/article>\n\t\t\t\t<article class=\"elementor-post elementor-grid-item post-1609 post type-post status-publish format-standard has-post-thumbnail hentry category-sense-categoria\" role=\"listitem\">\n\t\t\t<div class=\"elementor-post__card\">\n\t\t\t\t<a class=\"elementor-post__thumbnail__link\" href=\"https:\/\/www.cosesvelt.com\/ca\/les-promocions-de-desembre-a-cos-esvelt-bellesa-benestar-i-regals-amb-anima\/\" tabindex=\"-1\" ><div class=\"elementor-post__thumbnail\"><img decoding=\"async\" width=\"300\" height=\"188\" src=\"https:\/\/www.cosesvelt.com\/wp-content\/uploads\/2025\/12\/Las-promociones-de-diciembre-en-Cos-Esvelt-belleza-bienestar-y-regalos-con-alma-300x188.jpg\" class=\"attachment-medium size-medium wp-image-1607\" alt=\"\" srcset=\"https:\/\/www.cosesvelt.com\/wp-content\/uploads\/2025\/12\/Las-promociones-de-diciembre-en-Cos-Esvelt-belleza-bienestar-y-regalos-con-alma-300x188.jpg 300w, https:\/\/www.cosesvelt.com\/wp-content\/uploads\/2025\/12\/Las-promociones-de-diciembre-en-Cos-Esvelt-belleza-bienestar-y-regalos-con-alma-768x480.jpg 768w, https:\/\/www.cosesvelt.com\/wp-content\/uploads\/2025\/12\/Las-promociones-de-diciembre-en-Cos-Esvelt-belleza-bienestar-y-regalos-con-alma.jpg 800w\" sizes=\"(max-width: 300px) 100vw, 300px\" \/><\/div><\/a>\n\t\t\t\t<div class=\"elementor-post__text\">\n\t\t\t\t<h3 class=\"elementor-post__title\">\n\t\t\t<a href=\"https:\/\/www.cosesvelt.com\/ca\/les-promocions-de-desembre-a-cos-esvelt-bellesa-benestar-i-regals-amb-anima\/\" >\n\t\t\t\tLes promocions de desembre a Cos Esvelt: bellesa, benestar i regals amb \u00e0nima\t\t\t<\/a>\n\t\t<\/h3>\n\t\t\t\t<div class=\"elementor-post__excerpt\">\n\t\t\t<p>Desembre \u00e9s un mes per brillar, cuidar-se i tamb\u00e9 agrair. Per aix\u00f2, a Cos Esvelt, el teu centre de est\u00e8tica a Lloret de Mar, hem preparat un calendari complet de promocions exclusives per mimar-te i ajudar-te a gaudir d&#8217;aquestes festes com et mereixes. Tant si busques un tractament per a<\/p>\n\t\t<\/div>\n\t\t\n\t\t<a class=\"elementor-post__read-more\" href=\"https:\/\/www.cosesvelt.com\/ca\/les-promocions-de-desembre-a-cos-esvelt-bellesa-benestar-i-regals-amb-anima\/\" aria-label=\"Read more about Les promocions de desembre a Cos Esvelt: bellesa, benestar i regals amb \u00e0nima\" tabindex=\"-1\" >\n\t\t\tLlegir m\u00e9s \u00bb\t\t<\/a>\n\n\t\t\t\t<\/div>\n\t\t\t\t<div class=\"elementor-post__meta-data\">\n\t\t\t\t\t<span class=\"elementor-post-date\">\n\t\t\t5 de desembre de 2025\t\t<\/span>\n\t\t\t\t<\/div>\n\t\t\t\t\t<\/div>\n\t\t<\/article>\n\t\t\t\t<article class=\"elementor-post elementor-grid-item post-1603 post type-post status-publish format-standard has-post-thumbnail hentry category-sense-categoria\" role=\"listitem\">\n\t\t\t<div class=\"elementor-post__card\">\n\t\t\t\t<a class=\"elementor-post__thumbnail__link\" href=\"https:\/\/www.cosesvelt.com\/ca\/promocio-especial-black-friday-a-cos-esvelt-regalat-joventut-i-benestar-a-girona\/\" tabindex=\"-1\" ><div class=\"elementor-post__thumbnail\"><img decoding=\"async\" width=\"300\" height=\"188\" src=\"https:\/\/www.cosesvelt.com\/wp-content\/uploads\/2025\/11\/\u00a1Promocion-Especial-Black-Friday-en-Cos-Esvelt-Regalate-juventud-y-bienestar-300x188.jpg\" class=\"attachment-medium size-medium wp-image-1601\" alt=\"\" srcset=\"https:\/\/www.cosesvelt.com\/wp-content\/uploads\/2025\/11\/\u00a1Promocion-Especial-Black-Friday-en-Cos-Esvelt-Regalate-juventud-y-bienestar-300x188.jpg 300w, https:\/\/www.cosesvelt.com\/wp-content\/uploads\/2025\/11\/\u00a1Promocion-Especial-Black-Friday-en-Cos-Esvelt-Regalate-juventud-y-bienestar-768x480.jpg 768w, https:\/\/www.cosesvelt.com\/wp-content\/uploads\/2025\/11\/\u00a1Promocion-Especial-Black-Friday-en-Cos-Esvelt-Regalate-juventud-y-bienestar.jpg 800w\" sizes=\"(max-width: 300px) 100vw, 300px\" \/><\/div><\/a>\n\t\t\t\t<div class=\"elementor-post__text\">\n\t\t\t\t<h3 class=\"elementor-post__title\">\n\t\t\t<a href=\"https:\/\/www.cosesvelt.com\/ca\/promocio-especial-black-friday-a-cos-esvelt-regalat-joventut-i-benestar-a-girona\/\" >\n\t\t\t\tPromoci\u00f3 Especial Black Friday a Cos Esvelt! Regala&#8217;t joventut i benestar a Girona\t\t\t<\/a>\n\t\t<\/h3>\n\t\t\t\t<div class=\"elementor-post__excerpt\">\n\t\t\t<p>A Cos Esvelt, el teu centre fisioest\u00e8tic a Lloret de Mar i Barcelona, creiem que tenir-ne cura \u00e9s un acte d&#8217;amor propi. Per aix\u00f2, aquest Black Friday et portem una promoci\u00f3 \u00fanica per mimar-te com et mereixes: Per qualsevol tractament d&#8217;antiaging, et regalem un xec del 25% de descompte per<\/p>\n\t\t<\/div>\n\t\t\n\t\t<a class=\"elementor-post__read-more\" href=\"https:\/\/www.cosesvelt.com\/ca\/promocio-especial-black-friday-a-cos-esvelt-regalat-joventut-i-benestar-a-girona\/\" aria-label=\"Read more about Promoci\u00f3 Especial Black Friday a Cos Esvelt! Regala&#8217;t joventut i benestar a Girona\" tabindex=\"-1\" >\n\t\t\tLlegir m\u00e9s \u00bb\t\t<\/a>\n\n\t\t\t\t<\/div>\n\t\t\t\t<div class=\"elementor-post__meta-data\">\n\t\t\t\t\t<span class=\"elementor-post-date\">\n\t\t\t10 de novembre de 2025\t\t<\/span>\n\t\t\t\t<\/div>\n\t\t\t\t\t<\/div>\n\t\t<\/article>\n\t\t\t\t<article class=\"elementor-post elementor-grid-item post-1583 post type-post status-publish format-standard has-post-thumbnail hentry category-sense-categoria\" role=\"listitem\">\n\t\t\t<div class=\"elementor-post__card\">\n\t\t\t\t<a class=\"elementor-post__thumbnail__link\" href=\"https:\/\/www.cosesvelt.com\/ca\/descobreix-el-metode-rehit-a-cos-esvelt-resultats-rapids-i-efectius-per-a-la-teva-salut\/\" tabindex=\"-1\" ><div class=\"elementor-post__thumbnail\"><img loading=\"lazy\" decoding=\"async\" width=\"300\" height=\"200\" src=\"https:\/\/www.cosesvelt.com\/wp-content\/uploads\/2025\/06\/rehit-300x200.png\" class=\"attachment-medium size-medium wp-image-1581\" alt=\"rehit\" srcset=\"https:\/\/www.cosesvelt.com\/wp-content\/uploads\/2025\/06\/rehit-300x200.png 300w, https:\/\/www.cosesvelt.com\/wp-content\/uploads\/2025\/06\/rehit.png 600w\" sizes=\"(max-width: 300px) 100vw, 300px\" \/><\/div><\/a>\n\t\t\t\t<div class=\"elementor-post__text\">\n\t\t\t\t<h3 class=\"elementor-post__title\">\n\t\t\t<a href=\"https:\/\/www.cosesvelt.com\/ca\/descobreix-el-metode-rehit-a-cos-esvelt-resultats-rapids-i-efectius-per-a-la-teva-salut\/\" >\n\t\t\t\tDescobreix el m\u00e8tode REHIT a Cos Esvelt: resultats r\u00e0pids i efectius per a la teva salut\t\t\t<\/a>\n\t\t<\/h3>\n\t\t\t\t<div class=\"elementor-post__excerpt\">\n\t\t\t<p>A Cos Esvelt, el teu centre d&#8217;est\u00e8tica a Lloret de Mar i Barcelona, sempre estem a l&#8217;avantguarda dels tractaments m\u00e9s innovadors per ajudar-te a sentir-te. Avui et volem parlar d&#8217;un dels m\u00e8todes m\u00e9s revolucionaris en l&#8217;\u00e0mbit de l&#8217;entrenament i la salut: el REHIT (Reduced Exertion High-Intensity Training). Qu\u00e8 \u00e9s el<\/p>\n\t\t<\/div>\n\t\t\n\t\t<a class=\"elementor-post__read-more\" href=\"https:\/\/www.cosesvelt.com\/ca\/descobreix-el-metode-rehit-a-cos-esvelt-resultats-rapids-i-efectius-per-a-la-teva-salut\/\" aria-label=\"Read more about Descobreix el m\u00e8tode REHIT a Cos Esvelt: resultats r\u00e0pids i efectius per a la teva salut\" tabindex=\"-1\" >\n\t\t\tLlegir m\u00e9s \u00bb\t\t<\/a>\n\n\t\t\t\t<\/div>\n\t\t\t\t<div class=\"elementor-post__meta-data\">\n\t\t\t\t\t<span class=\"elementor-post-date\">\n\t\t\t18 de juny de 2025\t\t<\/span>\n\t\t\t\t<\/div>\n\t\t\t\t\t<\/div>\n\t\t<\/article>\n\t\t\t\t<article class=\"elementor-post elementor-grid-item post-1569 post type-post status-publish format-standard has-post-thumbnail hentry category-sense-categoria\" role=\"listitem\">\n\t\t\t<div class=\"elementor-post__card\">\n\t\t\t\t<a class=\"elementor-post__thumbnail__link\" href=\"https:\/\/www.cosesvelt.com\/ca\/ultrasonix-lifting-sense-cirurgia-a-lloret-de-mar\/\" tabindex=\"-1\" ><div class=\"elementor-post__thumbnail\"><img loading=\"lazy\" decoding=\"async\" width=\"300\" height=\"108\" src=\"https:\/\/www.cosesvelt.com\/wp-content\/uploads\/2025\/04\/Captura-de-pantalla-2025-04-10-a-las-12.35.37-300x108.png\" class=\"attachment-medium size-medium wp-image-1567\" alt=\"ultrasonix\" srcset=\"https:\/\/www.cosesvelt.com\/wp-content\/uploads\/2025\/04\/Captura-de-pantalla-2025-04-10-a-las-12.35.37-300x108.png 300w, https:\/\/www.cosesvelt.com\/wp-content\/uploads\/2025\/04\/Captura-de-pantalla-2025-04-10-a-las-12.35.37-1024x370.png 1024w, https:\/\/www.cosesvelt.com\/wp-content\/uploads\/2025\/04\/Captura-de-pantalla-2025-04-10-a-las-12.35.37-768x277.png 768w, https:\/\/www.cosesvelt.com\/wp-content\/uploads\/2025\/04\/Captura-de-pantalla-2025-04-10-a-las-12.35.37-1536x555.png 1536w, https:\/\/www.cosesvelt.com\/wp-content\/uploads\/2025\/04\/Captura-de-pantalla-2025-04-10-a-las-12.35.37.png 1556w\" sizes=\"(max-width: 300px) 100vw, 300px\" \/><\/div><\/a>\n\t\t\t\t<div class=\"elementor-post__text\">\n\t\t\t\t<h3 class=\"elementor-post__title\">\n\t\t\t<a href=\"https:\/\/www.cosesvelt.com\/ca\/ultrasonix-lifting-sense-cirurgia-a-lloret-de-mar\/\" >\n\t\t\t\tUltrasonix: l\u00edfting sense cirurgia a Lloret de Mar\t\t\t<\/a>\n\t\t<\/h3>\n\t\t\t\t<div class=\"elementor-post__excerpt\">\n\t\t\t<p>A Cos Esvelt, el teu centre d&#8217;est\u00e8tica a Lloret de Mar ia Barcelona, apostem per les tecnologies m\u00e9s innovadores per oferir resultats visibles i duradors. Un dels nostres tractaments estrella en rejoveniment facial \u00e9s Ultrasonix, una soluci\u00f3 no quir\u00fargica per millorar l&#8217;aspecte de la pell amb efecte l\u00edfting progressiu. Qu\u00e8<\/p>\n\t\t<\/div>\n\t\t\n\t\t<a class=\"elementor-post__read-more\" href=\"https:\/\/www.cosesvelt.com\/ca\/ultrasonix-lifting-sense-cirurgia-a-lloret-de-mar\/\" aria-label=\"Read more about Ultrasonix: l\u00edfting sense cirurgia a Lloret de Mar\" tabindex=\"-1\" >\n\t\t\tLlegir m\u00e9s \u00bb\t\t<\/a>\n\n\t\t\t\t<\/div>\n\t\t\t\t<div class=\"elementor-post__meta-data\">\n\t\t\t\t\t<span class=\"elementor-post-date\">\n\t\t\t11 d'abril de 2025\t\t<\/span>\n\t\t\t\t<\/div>\n\t\t\t\t\t<\/div>\n\t\t<\/article>\n\t\t\t\t<article class=\"elementor-post elementor-grid-item post-1549 post type-post status-publish format-standard has-post-thumbnail hentry category-sense-categoria\" role=\"listitem\">\n\t\t\t<div class=\"elementor-post__card\">\n\t\t\t\t<a class=\"elementor-post__thumbnail__link\" href=\"https:\/\/www.cosesvelt.com\/ca\/serveis-de-fisioterapia-a-cos-esvelt-salut-i-benestar-a-lloret-de-mar\/\" tabindex=\"-1\" ><div class=\"elementor-post__thumbnail\"><img loading=\"lazy\" decoding=\"async\" width=\"300\" height=\"180\" src=\"https:\/\/www.cosesvelt.com\/wp-content\/uploads\/2024\/12\/centro-fisioestetica-300x180.png\" class=\"attachment-medium size-medium wp-image-1546\" alt=\"centro fisioestetica\" srcset=\"https:\/\/www.cosesvelt.com\/wp-content\/uploads\/2024\/12\/centro-fisioestetica-300x180.png 300w, https:\/\/www.cosesvelt.com\/wp-content\/uploads\/2024\/12\/centro-fisioestetica.png 500w\" sizes=\"(max-width: 300px) 100vw, 300px\" \/><\/div><\/a>\n\t\t\t\t<div class=\"elementor-post__text\">\n\t\t\t\t<h3 class=\"elementor-post__title\">\n\t\t\t<a href=\"https:\/\/www.cosesvelt.com\/ca\/serveis-de-fisioterapia-a-cos-esvelt-salut-i-benestar-a-lloret-de-mar\/\" >\n\t\t\t\tServeis de Fisioter\u00e0pia a Cos Esvelt: Salut i Benestar a Lloret de Mar\t\t\t<\/a>\n\t\t<\/h3>\n\t\t\t\t<div class=\"elementor-post__excerpt\">\n\t\t\t<p>A Cos Esvelt, combinem l&#8217;experi\u00e8ncia en fisioter\u00e0pia amb un enfocament integral a el benestar per ajudar-te a assolir una millor qualitat de vida. Com a centre d&#8217;est\u00e8tica i fisioter\u00e0pia a Lloret de Mar, oferim tractaments personalitzats que abasten des de la recuperaci\u00f3 de lesions fins a la millora de l&#8217;equilibri<\/p>\n\t\t<\/div>\n\t\t\n\t\t<a class=\"elementor-post__read-more\" href=\"https:\/\/www.cosesvelt.com\/ca\/serveis-de-fisioterapia-a-cos-esvelt-salut-i-benestar-a-lloret-de-mar\/\" aria-label=\"Read more about Serveis de Fisioter\u00e0pia a Cos Esvelt: Salut i Benestar a Lloret de Mar\" tabindex=\"-1\" >\n\t\t\tLlegir m\u00e9s \u00bb\t\t<\/a>\n\n\t\t\t\t<\/div>\n\t\t\t\t<div class=\"elementor-post__meta-data\">\n\t\t\t\t\t<span class=\"elementor-post-date\">\n\t\t\t3 de febrer de 2025\t\t<\/span>\n\t\t\t\t<\/div>\n\t\t\t\t\t<\/div>\n\t\t<\/article>\n\t\t\t\t<\/div>\n\t\t\n\t\t\t\t<div class=\"e-load-more-anchor\" data-page=\"1\" data-max-page=\"2\" data-next-page=\"https:\/\/www.cosesvelt.com\/ca\/wp-json\/wp\/v2\/pages\/1480\/page\/2\/\"><\/div>\n\t\t\t\t<nav class=\"elementor-pagination\" aria-label=\"Pagination\">\n\t\t\t<span aria-current=\"page\" class=\"page-numbers current\"><span class=\"elementor-screen-only\">Page<\/span>1<\/span>\n<a class=\"page-numbers\" href=\"https:\/\/www.cosesvelt.com\/ca\/wp-json\/wp\/v2\/pages\/1480\/page\/2\/\"><span class=\"elementor-screen-only\">Page<\/span>2<\/a>\t\t<\/nav>\n\t\t\t\t\t\t<\/div>\n\t\t\t\t<\/div>\n\t\t\t\t\t<\/div>\n\t\t<\/div>\n\t\t\t\t\t<\/div>\n\t\t<\/section>\n\t\t\t\t<\/div>\n\t\t","protected":false},"excerpt":{"rendered":"","protected":false},"author":1,"featured_media":0,"parent":0,"menu_order":0,"comment_status":"closed","ping_status":"closed","template":"","meta":{"footnotes":""},"class_list":["post-1480","page","type-page","status-publish","hentry"],"yoast_head":"<!-- This site is optimized with the Yoast SEO plugin v27.2 - https:\/\/yoast.com\/product\/yoast-seo-wordpress\/ -->\n<title>Blog &#8226; Cos Esvelt<\/title>\n<meta name=\"robots\" content=\"index, follow, max-snippet:-1, max-image-preview:large, max-video-preview:-1\" \/>\n<link rel=\"canonical\" href=\"https:\/\/www.cosesvelt.com\/ca\/blog\/\" \/>\n<meta property=\"og:locale\" content=\"ca_ES\" \/>\n<meta property=\"og:type\" content=\"article\" \/>\n<meta property=\"og:title\" content=\"Blog &#8226; Cos Esvelt\" \/>\n<meta property=\"og:url\" content=\"https:\/\/www.cosesvelt.com\/ca\/blog\/\" \/>\n<meta property=\"og:site_name\" content=\"Cos Esvelt\" \/>\n<meta property=\"article:modified_time\" content=\"2025-06-18T16:54:28+00:00\" \/>\n<meta name=\"twitter:card\" content=\"summary_large_image\" \/>\n<script type=\"application\/ld+json\" class=\"yoast-schema-graph\">{\"@context\":\"https:\/\/schema.org\",\"@graph\":[{\"@type\":\"WebPage\",\"@id\":\"https:\/\/www.cosesvelt.com\/ca\/blog\/\",\"url\":\"https:\/\/www.cosesvelt.com\/ca\/blog\/\",\"name\":\"Blog &#8226; Cos Esvelt\",\"isPartOf\":{\"@id\":\"https:\/\/www.cosesvelt.com\/ca\/#website\"},\"datePublished\":\"2024-08-30T10:36:08+00:00\",\"dateModified\":\"2025-06-18T16:54:28+00:00\",\"breadcrumb\":{\"@id\":\"https:\/\/www.cosesvelt.com\/ca\/blog\/#breadcrumb\"},\"inLanguage\":\"ca\",\"potentialAction\":[{\"@type\":\"ReadAction\",\"target\":[\"https:\/\/www.cosesvelt.com\/ca\/blog\/\"]}]},{\"@type\":\"BreadcrumbList\",\"@id\":\"https:\/\/www.cosesvelt.com\/ca\/blog\/#breadcrumb\",\"itemListElement\":[{\"@type\":\"ListItem\",\"position\":1,\"name\":\"Portada\",\"item\":\"https:\/\/www.cosesvelt.com\/ca\/\"},{\"@type\":\"ListItem\",\"position\":2,\"name\":\"Blog\"}]},{\"@type\":\"WebSite\",\"@id\":\"https:\/\/www.cosesvelt.com\/ca\/#website\",\"url\":\"https:\/\/www.cosesvelt.com\/ca\/\",\"name\":\"Cos Esvelt\",\"description\":\"Fisioterapia en Lloret de Mar\",\"publisher\":{\"@id\":\"https:\/\/www.cosesvelt.com\/ca\/#organization\"},\"potentialAction\":[{\"@type\":\"SearchAction\",\"target\":{\"@type\":\"EntryPoint\",\"urlTemplate\":\"https:\/\/www.cosesvelt.com\/ca\/?s={search_term_string}\"},\"query-input\":{\"@type\":\"PropertyValueSpecification\",\"valueRequired\":true,\"valueName\":\"search_term_string\"}}],\"inLanguage\":\"ca\"},{\"@type\":\"Organization\",\"@id\":\"https:\/\/www.cosesvelt.com\/ca\/#organization\",\"name\":\"Cos Esvelt\",\"url\":\"https:\/\/www.cosesvelt.com\/ca\/\",\"logo\":{\"@type\":\"ImageObject\",\"inLanguage\":\"ca\",\"@id\":\"https:\/\/www.cosesvelt.com\/ca\/#\/schema\/logo\/image\/\",\"url\":\"https:\/\/www.cosesvelt.com\/wp-content\/uploads\/2021\/07\/logo.png\",\"contentUrl\":\"https:\/\/www.cosesvelt.com\/wp-content\/uploads\/2021\/07\/logo.png\",\"width\":308,\"height\":142,\"caption\":\"Cos Esvelt\"},\"image\":{\"@id\":\"https:\/\/www.cosesvelt.com\/ca\/#\/schema\/logo\/image\/\"}}]}<\/script>\n<!-- \/ Yoast SEO plugin. -->","yoast_head_json":{"title":"Blog &#8226; Cos Esvelt","robots":{"index":"index","follow":"follow","max-snippet":"max-snippet:-1","max-image-preview":"max-image-preview:large","max-video-preview":"max-video-preview:-1"},"canonical":"https:\/\/www.cosesvelt.com\/ca\/blog\/","og_locale":"ca_ES","og_type":"article","og_title":"Blog &#8226; Cos Esvelt","og_url":"https:\/\/www.cosesvelt.com\/ca\/blog\/","og_site_name":"Cos Esvelt","article_modified_time":"2025-06-18T16:54:28+00:00","twitter_card":"summary_large_image","schema":{"@context":"https:\/\/schema.org","@graph":[{"@type":"WebPage","@id":"https:\/\/www.cosesvelt.com\/ca\/blog\/","url":"https:\/\/www.cosesvelt.com\/ca\/blog\/","name":"Blog &#8226; Cos Esvelt","isPartOf":{"@id":"https:\/\/www.cosesvelt.com\/ca\/#website"},"datePublished":"2024-08-30T10:36:08+00:00","dateModified":"2025-06-18T16:54:28+00:00","breadcrumb":{"@id":"https:\/\/www.cosesvelt.com\/ca\/blog\/#breadcrumb"},"inLanguage":"ca","potentialAction":[{"@type":"ReadAction","target":["https:\/\/www.cosesvelt.com\/ca\/blog\/"]}]},{"@type":"BreadcrumbList","@id":"https:\/\/www.cosesvelt.com\/ca\/blog\/#breadcrumb","itemListElement":[{"@type":"ListItem","position":1,"name":"Portada","item":"https:\/\/www.cosesvelt.com\/ca\/"},{"@type":"ListItem","position":2,"name":"Blog"}]},{"@type":"WebSite","@id":"https:\/\/www.cosesvelt.com\/ca\/#website","url":"https:\/\/www.cosesvelt.com\/ca\/","name":"Cos Esvelt","description":"Fisioterapia en Lloret de Mar","publisher":{"@id":"https:\/\/www.cosesvelt.com\/ca\/#organization"},"potentialAction":[{"@type":"SearchAction","target":{"@type":"EntryPoint","urlTemplate":"https:\/\/www.cosesvelt.com\/ca\/?s={search_term_string}"},"query-input":{"@type":"PropertyValueSpecification","valueRequired":true,"valueName":"search_term_string"}}],"inLanguage":"ca"},{"@type":"Organization","@id":"https:\/\/www.cosesvelt.com\/ca\/#organization","name":"Cos Esvelt","url":"https:\/\/www.cosesvelt.com\/ca\/","logo":{"@type":"ImageObject","inLanguage":"ca","@id":"https:\/\/www.cosesvelt.com\/ca\/#\/schema\/logo\/image\/","url":"https:\/\/www.cosesvelt.com\/wp-content\/uploads\/2021\/07\/logo.png","contentUrl":"https:\/\/www.cosesvelt.com\/wp-content\/uploads\/2021\/07\/logo.png","width":308,"height":142,"caption":"Cos Esvelt"},"image":{"@id":"https:\/\/www.cosesvelt.com\/ca\/#\/schema\/logo\/image\/"}}]}},"_links":{"self":[{"href":"https:\/\/www.cosesvelt.com\/ca\/wp-json\/wp\/v2\/pages\/1480","targetHints":{"allow":["GET"]}}],"collection":[{"href":"https:\/\/www.cosesvelt.com\/ca\/wp-json\/wp\/v2\/pages"}],"about":[{"href":"https:\/\/www.cosesvelt.com\/ca\/wp-json\/wp\/v2\/types\/page"}],"author":[{"embeddable":true,"href":"https:\/\/www.cosesvelt.com\/ca\/wp-json\/wp\/v2\/users\/1"}],"replies":[{"embeddable":true,"href":"https:\/\/www.cosesvelt.com\/ca\/wp-json\/wp\/v2\/comments?post=1480"}],"version-history":[{"count":1,"href":"https:\/\/www.cosesvelt.com\/ca\/wp-json\/wp\/v2\/pages\/1480\/revisions"}],"predecessor-version":[{"id":1588,"href":"https:\/\/www.cosesvelt.com\/ca\/wp-json\/wp\/v2\/pages\/1480\/revisions\/1588"}],"wp:attachment":[{"href":"https:\/\/www.cosesvelt.com\/ca\/wp-json\/wp\/v2\/media?parent=1480"}],"curies":[{"name":"wp","href":"https:\/\/api.w.org\/{rel}","templated":true}]}}