{"id":1002,"date":"2021-12-29T15:15:27","date_gmt":"2021-12-29T15:15:27","guid":{"rendered":"https:\/\/www.cosesvelt.com\/mesoterapia-a-girona\/"},"modified":"2021-12-29T15:15:27","modified_gmt":"2021-12-29T15:15:27","slug":"mesoterapia-a-girona","status":"publish","type":"page","link":"https:\/\/www.cosesvelt.com\/ca\/mesoterapia-a-girona\/","title":{"rendered":"Mesoterapia a Girona"},"content":{"rendered":"\t\t<div data-elementor-type=\"wp-page\" data-elementor-id=\"1002\" class=\"elementor elementor-1002 elementor-997\" data-elementor-post-type=\"page\">\n\t\t\t\t\t\t<header class=\"elementor-section elementor-top-section elementor-element elementor-element-58512848 elementor-section-height-min-height elementor-section-boxed elementor-section-height-default elementor-section-items-middle\" data-id=\"58512848\" data-element_type=\"section\" data-e-type=\"section\" data-settings=\"{&quot;background_background&quot;:&quot;classic&quot;}\">\n\t\t\t\t\t\t<div class=\"elementor-container elementor-column-gap-default\">\n\t\t\t\t\t<div class=\"elementor-column elementor-col-100 elementor-top-column elementor-element elementor-element-6b7894c5\" data-id=\"6b7894c5\" data-element_type=\"column\" data-e-type=\"column\">\n\t\t\t<div class=\"elementor-widget-wrap elementor-element-populated\">\n\t\t\t\t\t\t<div class=\"elementor-element elementor-element-7eed90c9 elementor-invisible elementor-widget elementor-widget-heading\" data-id=\"7eed90c9\" data-element_type=\"widget\" data-e-type=\"widget\" data-settings=\"{&quot;_animation&quot;:&quot;fadeInDown&quot;,&quot;_animation_delay&quot;:700}\" data-widget_type=\"heading.default\">\n\t\t\t\t<div class=\"elementor-widget-container\">\n\t\t\t\t\t<h5 class=\"elementor-heading-title elementor-size-default\">cos esvelt<\/h5>\t\t\t\t<\/div>\n\t\t\t\t<\/div>\n\t\t\t\t<div class=\"elementor-element elementor-element-347bb1f1 elementor-invisible elementor-widget elementor-widget-heading\" data-id=\"347bb1f1\" data-element_type=\"widget\" data-e-type=\"widget\" data-settings=\"{&quot;_animation&quot;:&quot;fadeInDown&quot;,&quot;_animation_delay&quot;:500}\" data-widget_type=\"heading.default\">\n\t\t\t\t<div class=\"elementor-widget-container\">\n\t\t\t\t\t<h1 class=\"elementor-heading-title elementor-size-default\">Mesoterapia a Girona<\/h1>\t\t\t\t<\/div>\n\t\t\t\t<\/div>\n\t\t\t\t<div class=\"elementor-element elementor-element-13b2d545 elementor-align-center elementor-invisible elementor-widget elementor-widget-button\" data-id=\"13b2d545\" data-element_type=\"widget\" data-e-type=\"widget\" data-settings=\"{&quot;_animation&quot;:&quot;fadeInDown&quot;,&quot;_animation_delay&quot;:300}\" data-widget_type=\"button.default\">\n\t\t\t\t<div class=\"elementor-widget-container\">\n\t\t\t\t\t\t\t\t\t<div class=\"elementor-button-wrapper\">\n\t\t\t\t\t<a class=\"elementor-button elementor-button-link elementor-size-md\" href=\"https:\/\/www.cosesvelt.com\/ca\/preus-destetica-avancada\/\">\n\t\t\t\t\t\t<span class=\"elementor-button-content-wrapper\">\n\t\t\t\t\t\t\t\t\t<span class=\"elementor-button-text\">Consulta els nostres preus<\/span>\n\t\t\t\t\t<\/span>\n\t\t\t\t\t<\/a>\n\t\t\t\t<\/div>\n\t\t\t\t\t\t\t\t<\/div>\n\t\t\t\t<\/div>\n\t\t\t\t\t<\/div>\n\t\t<\/div>\n\t\t\t\t\t<\/div>\n\t\t<\/header>\n\t\t\t\t<section class=\"elementor-section elementor-top-section elementor-element elementor-element-6646ddb3 elementor-section-boxed elementor-section-height-default elementor-section-height-default\" data-id=\"6646ddb3\" data-element_type=\"section\" data-e-type=\"section\" data-settings=\"{&quot;background_background&quot;:&quot;classic&quot;}\">\n\t\t\t\t\t\t<div class=\"elementor-container elementor-column-gap-default\">\n\t\t\t\t\t<div class=\"elementor-column elementor-col-50 elementor-top-column elementor-element elementor-element-4d3cf99c elementor-invisible\" data-id=\"4d3cf99c\" data-element_type=\"column\" data-e-type=\"column\" data-settings=\"{&quot;background_background&quot;:&quot;classic&quot;,&quot;animation&quot;:&quot;fadeInLeft&quot;}\">\n\t\t\t<div class=\"elementor-widget-wrap elementor-element-populated\">\n\t\t\t\t\t\t<div class=\"elementor-element elementor-element-6883eb47 elementor-widget elementor-widget-image\" data-id=\"6883eb47\" data-element_type=\"widget\" data-e-type=\"widget\" data-widget_type=\"image.default\">\n\t\t\t\t<div class=\"elementor-widget-container\">\n\t\t\t\t\t\t\t\t\t\t\t\t\t\t\t<img fetchpriority=\"high\" decoding=\"async\" width=\"800\" height=\"506\" src=\"https:\/\/www.cosesvelt.com\/wp-content\/uploads\/2021\/07\/Centro-Fisioestetico-Cos-Esvelt-estetica-05.jpg\" class=\"attachment-large size-large wp-image-401\" alt=\"Centro-Fisioestetico-Cos-Esvelt-estetica-05\" srcset=\"https:\/\/www.cosesvelt.com\/wp-content\/uploads\/2021\/07\/Centro-Fisioestetico-Cos-Esvelt-estetica-05.jpg 807w, https:\/\/www.cosesvelt.com\/wp-content\/uploads\/2021\/07\/Centro-Fisioestetico-Cos-Esvelt-estetica-05-300x190.jpg 300w, https:\/\/www.cosesvelt.com\/wp-content\/uploads\/2021\/07\/Centro-Fisioestetico-Cos-Esvelt-estetica-05-768x485.jpg 768w\" sizes=\"(max-width: 800px) 100vw, 800px\" \/>\t\t\t\t\t\t\t\t\t\t\t\t\t\t\t<\/div>\n\t\t\t\t<\/div>\n\t\t\t\t\t<\/div>\n\t\t<\/div>\n\t\t\t\t<div class=\"elementor-column elementor-col-50 elementor-top-column elementor-element elementor-element-5f0701b1 elementor-invisible\" data-id=\"5f0701b1\" data-element_type=\"column\" data-e-type=\"column\" data-settings=\"{&quot;animation&quot;:&quot;fadeInRight&quot;}\">\n\t\t\t<div class=\"elementor-widget-wrap elementor-element-populated\">\n\t\t\t\t\t\t<div class=\"elementor-element elementor-element-31ab8537 elementor-widget elementor-widget-text-editor\" data-id=\"31ab8537\" data-element_type=\"widget\" data-e-type=\"widget\" data-widget_type=\"text-editor.default\">\n\t\t\t\t<div class=\"elementor-widget-container\">\n\t\t\t\t\t\t\t\t\t<p>A COS ESVELT estem dedicats a brindar una atenci\u00f3 integral a totes les persones que acudeixen als nostres centres fisioest\u00e9ticos Lloret de Mar i Barcelona a la recerca de salut, benestar i bellesa, ens caracteritzem per prestar un servei professional, hum\u00e0 i personalitzat que integra la fisioter\u00e0pia i est\u00e8tica avan\u00e7ada.<\/p>\n\t\t\t\t\t\t\t\t<\/div>\n\t\t\t\t<\/div>\n\t\t\t\t\t<\/div>\n\t\t<\/div>\n\t\t\t\t\t<\/div>\n\t\t<\/section>\n\t\t\t\t<section class=\"elementor-section elementor-top-section elementor-element elementor-element-327748c8 elementor-section-boxed elementor-section-height-default elementor-section-height-default\" data-id=\"327748c8\" data-element_type=\"section\" data-e-type=\"section\" data-settings=\"{&quot;background_background&quot;:&quot;classic&quot;}\">\n\t\t\t\t\t\t<div class=\"elementor-container elementor-column-gap-default\">\n\t\t\t\t\t<div class=\"elementor-column elementor-col-100 elementor-top-column elementor-element elementor-element-7fcf9536 elementor-invisible\" data-id=\"7fcf9536\" data-element_type=\"column\" data-e-type=\"column\" data-settings=\"{&quot;animation&quot;:&quot;fadeInDown&quot;}\">\n\t\t\t<div class=\"elementor-widget-wrap elementor-element-populated\">\n\t\t\t\t\t\t<div class=\"elementor-element elementor-element-50f01b40 elementor-widget elementor-widget-image\" data-id=\"50f01b40\" data-element_type=\"widget\" data-e-type=\"widget\" data-widget_type=\"image.default\">\n\t\t\t\t<div class=\"elementor-widget-container\">\n\t\t\t\t\t\t\t\t\t\t\t\t\t\t\t<img decoding=\"async\" width=\"20\" height=\"18\" src=\"https:\/\/www.cosesvelt.com\/wp-content\/uploads\/2021\/07\/left-quote.png\" class=\"attachment-large size-large wp-image-26\" alt=\"\" \/>\t\t\t\t\t\t\t\t\t\t\t\t\t\t\t<\/div>\n\t\t\t\t<\/div>\n\t\t\t\t<div class=\"elementor-element elementor-element-270053bc envato-testimonial elementor-widget elementor-widget-testimonial\" data-id=\"270053bc\" data-element_type=\"widget\" data-e-type=\"widget\" data-widget_type=\"testimonial.default\">\n\t\t\t\t<div class=\"elementor-widget-container\">\n\t\t\t\t\t\t\t<div class=\"elementor-testimonial-wrapper\">\n\t\t\t\t\t\t\t<div class=\"elementor-testimonial-content\"><p>Comptem amb un equip hum\u00e0 altament capacitat i amb gran experi\u00e8ncia, que es recolza en els \u00faltims avan\u00e7os tecnol\u00f2gics, per a brindar una atenci\u00f3 de primera qualitat a tots els nostres clients en les \u00e0rees de:<\/p>\n<\/div>\n\t\t\t\n\t\t\t\t\t<\/div>\n\t\t\t\t\t\t<\/div>\n\t\t\t\t<\/div>\n\t\t\t\t<div class=\"elementor-element elementor-element-5fc4516 elementor-icon-list--layout-traditional elementor-list-item-link-full_width elementor-widget elementor-widget-icon-list\" data-id=\"5fc4516\" data-element_type=\"widget\" data-e-type=\"widget\" data-widget_type=\"icon-list.default\">\n\t\t\t\t<div class=\"elementor-widget-container\">\n\t\t\t\t\t\t\t<ul class=\"elementor-icon-list-items\">\n\t\t\t\t\t\t\t<li class=\"elementor-icon-list-item\">\n\t\t\t\t\t\t\t\t\t\t\t<span class=\"elementor-icon-list-icon\">\n\t\t\t\t\t\t\t<i aria-hidden=\"true\" class=\"fas fa-check\"><\/i>\t\t\t\t\t\t<\/span>\n\t\t\t\t\t\t\t\t\t\t<span class=\"elementor-icon-list-text\">Fisioter\u00e0pia, rehabilitaci\u00f3 f\u00edsica per a dolors musculars i articulars, ter\u00e0pies i tractament integral de lesions esportives i problemes d'esquena.<\/span>\n\t\t\t\t\t\t\t\t\t<\/li>\n\t\t\t\t\t\t\t\t<li class=\"elementor-icon-list-item\">\n\t\t\t\t\t\t\t\t\t\t\t<span class=\"elementor-icon-list-icon\">\n\t\t\t\t\t\t\t<i aria-hidden=\"true\" class=\"fas fa-check\"><\/i>\t\t\t\t\t\t<\/span>\n\t\t\t\t\t\t\t\t\t\t<span class=\"elementor-icon-list-text\">Ter\u00e0pies naturals i massatges: drenatge limf\u00e0tic, massatges terap\u00e8utics, massatge crani-facial ter\u00e0pia geotermal, ter\u00e0pia Ayus Lomi, Reiki, massatges Whusi, massatge Lomi Lomi, massatges amb canyes de bamb\u00fa, embolcalls i peeling.<\/span>\n\t\t\t\t\t\t\t\t\t<\/li>\n\t\t\t\t\t\t\t\t<li class=\"elementor-icon-list-item\">\n\t\t\t\t\t\t\t\t\t\t\t<span class=\"elementor-icon-list-icon\">\n\t\t\t\t\t\t\t<i aria-hidden=\"true\" class=\"fas fa-check\"><\/i>\t\t\t\t\t\t<\/span>\n\t\t\t\t\t\t\t\t\t\t<span class=\"elementor-icon-list-text\">Ter\u00e0pia emocional: ter\u00e0pia innovadora basada en exercicis respiratoris i posturals que ajuden a desbloquejar les tensions musculars i les emocions, aix\u00ed com generar un augment en el nivell d'energia, la qual cosa permet solucionar de manera efectiva malalties i bloquejos corporals.<\/span>\n\t\t\t\t\t\t\t\t\t<\/li>\n\t\t\t\t\t\t\t\t<li class=\"elementor-icon-list-item\">\n\t\t\t\t\t\t\t\t\t\t\t<span class=\"elementor-icon-list-icon\">\n\t\t\t\t\t\t\t<i aria-hidden=\"true\" class=\"fas fa-check\"><\/i>\t\t\t\t\t\t<\/span>\n\t\t\t\t\t\t\t\t\t\t<span class=\"elementor-icon-list-text\">Ter\u00e0pia de regeneraci\u00f3 mitocondrial: una ter\u00e0pia nova que possibilita la proliferaci\u00f3 de nous mitocondris cel\u00b7lulars a trav\u00e9s d'un proc\u00e9s que combina intervals d'hip\u00f2xia i hiperoxia, que es realitza per mitj\u00e0 d'una m\u00e0scara d'aire hip\u00f3xico (baix en oxigen) i hiper\u00f3xico (ric en oxigen) que es regula de forma inteligente.la ter\u00e0pia de regeneraci\u00f3 mitocondrial resulta molt efectiva en el tractament d'estr\u00e8s, ansietat, depressi\u00f3, cefalees i migranyes, asma, apnea del son, insomni i la prevenci\u00f3 de malalties neurodegeneratives com l'Alzheimer.<\/span>\n\t\t\t\t\t\t\t\t\t<\/li>\n\t\t\t\t\t\t\t\t<li class=\"elementor-icon-list-item\">\n\t\t\t\t\t\t\t\t\t\t\t<span class=\"elementor-icon-list-icon\">\n\t\t\t\t\t\t\t<i aria-hidden=\"true\" class=\"fas fa-check\"><\/i>\t\t\t\t\t\t<\/span>\n\t\t\t\t\t\t\t\t\t\t<span class=\"elementor-icon-list-text\">Est\u00e8tica facial: mesobiolift, ones ac\u00fastiques facials, thermafine, timeless prodigy, mesopen amb \u00e0cid hialur\u00f2nic, mesoter\u00e0pia virtual i ultrasonix. Ens especialitzem a m\u00e9s en antiaging.<\/span>\n\t\t\t\t\t\t\t\t\t<\/li>\n\t\t\t\t\t\t\t\t<li class=\"elementor-icon-list-item\">\n\t\t\t\t\t\t\t\t\t\t\t<span class=\"elementor-icon-list-icon\">\n\t\t\t\t\t\t\t<i aria-hidden=\"true\" class=\"fas fa-check\"><\/i>\t\t\t\t\t\t<\/span>\n\t\t\t\t\t\t\t\t\t\t<span class=\"elementor-icon-list-text\">Est\u00e8tica corporal: tractaments especialitzats de lipocavitaci\u00f3n, ona ac\u00fastica corporal, elek-press, radiofreq\u00fc\u00e8ncia corporal i LGP endermologie.<\/span>\n\t\t\t\t\t\t\t\t\t<\/li>\n\t\t\t\t\t\t<\/ul>\n\t\t\t\t\t\t<\/div>\n\t\t\t\t<\/div>\n\t\t\t\t\t<\/div>\n\t\t<\/div>\n\t\t\t\t\t<\/div>\n\t\t<\/section>\n\t\t\t\t<\/div>\n\t\t","protected":false},"excerpt":{"rendered":"<p>cos esvelt Mesoterapia a Girona Consulta els nostres preus A COS ESVELT estem dedicats a brindar una atenci\u00f3 integral a totes les persones que acudeixen als nostres centres fisioest\u00e9ticos Lloret de Mar i Barcelona a la recerca de salut, benestar i bellesa, ens caracteritzem per prestar un servei professional, hum\u00e0 i personalitzat que integra la [&hellip;]<\/p>\n","protected":false},"author":1,"featured_media":728,"parent":0,"menu_order":0,"comment_status":"closed","ping_status":"closed","template":"","meta":{"footnotes":""},"class_list":["post-1002","page","type-page","status-publish","has-post-thumbnail","hentry"],"yoast_head":"<!-- This site is optimized with the Yoast SEO plugin v27.2 - https:\/\/yoast.com\/product\/yoast-seo-wordpress\/ -->\n<title>Mesoterapia a Girona &#8226; Cos Esvelt<\/title>\n<meta name=\"description\" content=\"Som un Centre d&#039;est\u00e8tica a Girona que prestem un servei professional, hum\u00e0 i personalitzat de Mesoterapia.\" \/>\n<meta name=\"robots\" content=\"index, follow, max-snippet:-1, max-image-preview:large, max-video-preview:-1\" \/>\n<link rel=\"canonical\" href=\"https:\/\/www.cosesvelt.com\/ca\/mesoterapia-a-girona\/\" \/>\n<meta property=\"og:locale\" content=\"ca_ES\" \/>\n<meta property=\"og:type\" content=\"article\" \/>\n<meta property=\"og:title\" content=\"Mesoterapia a Girona &#8226; Cos Esvelt\" \/>\n<meta property=\"og:description\" content=\"Som un Centre d&#039;est\u00e8tica a Girona que prestem un servei professional, hum\u00e0 i personalitzat de Mesoterapia.\" \/>\n<meta property=\"og:url\" content=\"https:\/\/www.cosesvelt.com\/ca\/mesoterapia-a-girona\/\" \/>\n<meta property=\"og:site_name\" content=\"Cos Esvelt\" \/>\n<meta property=\"og:image\" content=\"https:\/\/www.cosesvelt.com\/wp-content\/uploads\/2021\/08\/portada-fb-cosesvelt.png\" \/>\n\t<meta property=\"og:image:width\" content=\"851\" \/>\n\t<meta property=\"og:image:height\" content=\"315\" \/>\n\t<meta property=\"og:image:type\" content=\"image\/png\" \/>\n<meta name=\"twitter:card\" content=\"summary_large_image\" \/>\n<meta name=\"twitter:label1\" content=\"Temps estimat de lectura\" \/>\n\t<meta name=\"twitter:data1\" content=\"2 minuts\" \/>\n<script type=\"application\/ld+json\" class=\"yoast-schema-graph\">{\"@context\":\"https:\/\/schema.org\",\"@graph\":[{\"@type\":\"WebPage\",\"@id\":\"https:\/\/www.cosesvelt.com\/ca\/mesoterapia-a-girona\/\",\"url\":\"https:\/\/www.cosesvelt.com\/ca\/mesoterapia-a-girona\/\",\"name\":\"Mesoterapia a Girona &#8226; Cos Esvelt\",\"isPartOf\":{\"@id\":\"https:\/\/www.cosesvelt.com\/ca\/#website\"},\"primaryImageOfPage\":{\"@id\":\"https:\/\/www.cosesvelt.com\/ca\/mesoterapia-a-girona\/#primaryimage\"},\"image\":{\"@id\":\"https:\/\/www.cosesvelt.com\/ca\/mesoterapia-a-girona\/#primaryimage\"},\"thumbnailUrl\":\"https:\/\/www.cosesvelt.com\/wp-content\/uploads\/2021\/08\/portada-fb-cosesvelt.png\",\"datePublished\":\"2021-12-29T15:15:27+00:00\",\"description\":\"Som un Centre d'est\u00e8tica a Girona que prestem un servei professional, hum\u00e0 i personalitzat de Mesoterapia.\",\"breadcrumb\":{\"@id\":\"https:\/\/www.cosesvelt.com\/ca\/mesoterapia-a-girona\/#breadcrumb\"},\"inLanguage\":\"ca\",\"potentialAction\":[{\"@type\":\"ReadAction\",\"target\":[\"https:\/\/www.cosesvelt.com\/ca\/mesoterapia-a-girona\/\"]}]},{\"@type\":\"ImageObject\",\"inLanguage\":\"ca\",\"@id\":\"https:\/\/www.cosesvelt.com\/ca\/mesoterapia-a-girona\/#primaryimage\",\"url\":\"https:\/\/www.cosesvelt.com\/wp-content\/uploads\/2021\/08\/portada-fb-cosesvelt.png\",\"contentUrl\":\"https:\/\/www.cosesvelt.com\/wp-content\/uploads\/2021\/08\/portada-fb-cosesvelt.png\",\"width\":851,\"height\":315},{\"@type\":\"BreadcrumbList\",\"@id\":\"https:\/\/www.cosesvelt.com\/ca\/mesoterapia-a-girona\/#breadcrumb\",\"itemListElement\":[{\"@type\":\"ListItem\",\"position\":1,\"name\":\"Portada\",\"item\":\"https:\/\/www.cosesvelt.com\/ca\/\"},{\"@type\":\"ListItem\",\"position\":2,\"name\":\"Mesoterapia a Girona\"}]},{\"@type\":\"WebSite\",\"@id\":\"https:\/\/www.cosesvelt.com\/ca\/#website\",\"url\":\"https:\/\/www.cosesvelt.com\/ca\/\",\"name\":\"Cos Esvelt\",\"description\":\"Fisioterapia en Lloret de Mar\",\"publisher\":{\"@id\":\"https:\/\/www.cosesvelt.com\/ca\/#organization\"},\"potentialAction\":[{\"@type\":\"SearchAction\",\"target\":{\"@type\":\"EntryPoint\",\"urlTemplate\":\"https:\/\/www.cosesvelt.com\/ca\/?s={search_term_string}\"},\"query-input\":{\"@type\":\"PropertyValueSpecification\",\"valueRequired\":true,\"valueName\":\"search_term_string\"}}],\"inLanguage\":\"ca\"},{\"@type\":\"Organization\",\"@id\":\"https:\/\/www.cosesvelt.com\/ca\/#organization\",\"name\":\"Cos Esvelt\",\"url\":\"https:\/\/www.cosesvelt.com\/ca\/\",\"logo\":{\"@type\":\"ImageObject\",\"inLanguage\":\"ca\",\"@id\":\"https:\/\/www.cosesvelt.com\/ca\/#\/schema\/logo\/image\/\",\"url\":\"https:\/\/www.cosesvelt.com\/wp-content\/uploads\/2021\/07\/logo.png\",\"contentUrl\":\"https:\/\/www.cosesvelt.com\/wp-content\/uploads\/2021\/07\/logo.png\",\"width\":308,\"height\":142,\"caption\":\"Cos Esvelt\"},\"image\":{\"@id\":\"https:\/\/www.cosesvelt.com\/ca\/#\/schema\/logo\/image\/\"}}]}<\/script>\n<!-- \/ Yoast SEO plugin. -->","yoast_head_json":{"title":"Mesoterapia a Girona &#8226; Cos Esvelt","description":"Som un Centre d'est\u00e8tica a Girona que prestem un servei professional, hum\u00e0 i personalitzat de Mesoterapia.","robots":{"index":"index","follow":"follow","max-snippet":"max-snippet:-1","max-image-preview":"max-image-preview:large","max-video-preview":"max-video-preview:-1"},"canonical":"https:\/\/www.cosesvelt.com\/ca\/mesoterapia-a-girona\/","og_locale":"ca_ES","og_type":"article","og_title":"Mesoterapia a Girona &#8226; Cos Esvelt","og_description":"Som un Centre d'est\u00e8tica a Girona que prestem un servei professional, hum\u00e0 i personalitzat de Mesoterapia.","og_url":"https:\/\/www.cosesvelt.com\/ca\/mesoterapia-a-girona\/","og_site_name":"Cos Esvelt","og_image":[{"width":851,"height":315,"url":"https:\/\/www.cosesvelt.com\/wp-content\/uploads\/2021\/08\/portada-fb-cosesvelt.png","type":"image\/png"}],"twitter_card":"summary_large_image","twitter_misc":{"Temps estimat de lectura":"2 minuts"},"schema":{"@context":"https:\/\/schema.org","@graph":[{"@type":"WebPage","@id":"https:\/\/www.cosesvelt.com\/ca\/mesoterapia-a-girona\/","url":"https:\/\/www.cosesvelt.com\/ca\/mesoterapia-a-girona\/","name":"Mesoterapia a Girona &#8226; Cos Esvelt","isPartOf":{"@id":"https:\/\/www.cosesvelt.com\/ca\/#website"},"primaryImageOfPage":{"@id":"https:\/\/www.cosesvelt.com\/ca\/mesoterapia-a-girona\/#primaryimage"},"image":{"@id":"https:\/\/www.cosesvelt.com\/ca\/mesoterapia-a-girona\/#primaryimage"},"thumbnailUrl":"https:\/\/www.cosesvelt.com\/wp-content\/uploads\/2021\/08\/portada-fb-cosesvelt.png","datePublished":"2021-12-29T15:15:27+00:00","description":"Som un Centre d'est\u00e8tica a Girona que prestem un servei professional, hum\u00e0 i personalitzat de Mesoterapia.","breadcrumb":{"@id":"https:\/\/www.cosesvelt.com\/ca\/mesoterapia-a-girona\/#breadcrumb"},"inLanguage":"ca","potentialAction":[{"@type":"ReadAction","target":["https:\/\/www.cosesvelt.com\/ca\/mesoterapia-a-girona\/"]}]},{"@type":"ImageObject","inLanguage":"ca","@id":"https:\/\/www.cosesvelt.com\/ca\/mesoterapia-a-girona\/#primaryimage","url":"https:\/\/www.cosesvelt.com\/wp-content\/uploads\/2021\/08\/portada-fb-cosesvelt.png","contentUrl":"https:\/\/www.cosesvelt.com\/wp-content\/uploads\/2021\/08\/portada-fb-cosesvelt.png","width":851,"height":315},{"@type":"BreadcrumbList","@id":"https:\/\/www.cosesvelt.com\/ca\/mesoterapia-a-girona\/#breadcrumb","itemListElement":[{"@type":"ListItem","position":1,"name":"Portada","item":"https:\/\/www.cosesvelt.com\/ca\/"},{"@type":"ListItem","position":2,"name":"Mesoterapia a Girona"}]},{"@type":"WebSite","@id":"https:\/\/www.cosesvelt.com\/ca\/#website","url":"https:\/\/www.cosesvelt.com\/ca\/","name":"Cos Esvelt","description":"Fisioterapia en Lloret de Mar","publisher":{"@id":"https:\/\/www.cosesvelt.com\/ca\/#organization"},"potentialAction":[{"@type":"SearchAction","target":{"@type":"EntryPoint","urlTemplate":"https:\/\/www.cosesvelt.com\/ca\/?s={search_term_string}"},"query-input":{"@type":"PropertyValueSpecification","valueRequired":true,"valueName":"search_term_string"}}],"inLanguage":"ca"},{"@type":"Organization","@id":"https:\/\/www.cosesvelt.com\/ca\/#organization","name":"Cos Esvelt","url":"https:\/\/www.cosesvelt.com\/ca\/","logo":{"@type":"ImageObject","inLanguage":"ca","@id":"https:\/\/www.cosesvelt.com\/ca\/#\/schema\/logo\/image\/","url":"https:\/\/www.cosesvelt.com\/wp-content\/uploads\/2021\/07\/logo.png","contentUrl":"https:\/\/www.cosesvelt.com\/wp-content\/uploads\/2021\/07\/logo.png","width":308,"height":142,"caption":"Cos Esvelt"},"image":{"@id":"https:\/\/www.cosesvelt.com\/ca\/#\/schema\/logo\/image\/"}}]}},"_links":{"self":[{"href":"https:\/\/www.cosesvelt.com\/ca\/wp-json\/wp\/v2\/pages\/1002","targetHints":{"allow":["GET"]}}],"collection":[{"href":"https:\/\/www.cosesvelt.com\/ca\/wp-json\/wp\/v2\/pages"}],"about":[{"href":"https:\/\/www.cosesvelt.com\/ca\/wp-json\/wp\/v2\/types\/page"}],"author":[{"embeddable":true,"href":"https:\/\/www.cosesvelt.com\/ca\/wp-json\/wp\/v2\/users\/1"}],"replies":[{"embeddable":true,"href":"https:\/\/www.cosesvelt.com\/ca\/wp-json\/wp\/v2\/comments?post=1002"}],"version-history":[{"count":1,"href":"https:\/\/www.cosesvelt.com\/ca\/wp-json\/wp\/v2\/pages\/1002\/revisions"}],"predecessor-version":[{"id":1003,"href":"https:\/\/www.cosesvelt.com\/ca\/wp-json\/wp\/v2\/pages\/1002\/revisions\/1003"}],"wp:featuredmedia":[{"embeddable":true,"href":"https:\/\/www.cosesvelt.com\/ca\/wp-json\/wp\/v2\/media\/728"}],"wp:attachment":[{"href":"https:\/\/www.cosesvelt.com\/ca\/wp-json\/wp\/v2\/media?parent=1002"}],"curies":[{"name":"wp","href":"https:\/\/api.w.org\/{rel}","templated":true}]}}